{"id":4593,"date":"2025-02-13T21:02:15","date_gmt":"2025-02-13T21:02:15","guid":{"rendered":"https:\/\/www.javeriano.edu.co\/javerianonew\/?page_id=4593"},"modified":"2025-03-03T16:41:02","modified_gmt":"2025-03-03T16:41:02","slug":"open-house-2025","status":"publish","type":"page","link":"https:\/\/www.javeriano.edu.co\/javerianonew\/open-house-2025\/","title":{"rendered":"Open House 2025"},"content":{"rendered":"\t\t<div data-elementor-type=\"wp-post\" data-elementor-id=\"4593\" class=\"elementor elementor-4593\" data-elementor-post-type=\"page\">\n\t\t\t\t<div class=\"elementor-element elementor-element-77b55da e-flex e-con-boxed e-con e-parent\" data-id=\"77b55da\" data-element_type=\"container\">\n\t\t\t\t\t<div class=\"e-con-inner\">\n\t\t\t\t<div class=\"elementor-element elementor-element-7d6bbdf elementor-widget elementor-widget-image\" data-id=\"7d6bbdf\" data-element_type=\"widget\" data-widget_type=\"image.default\">\n\t\t\t\t<div class=\"elementor-widget-container\">\n\t\t\t\t\t\t\t\t\t\t\t\t\t\t\t<img fetchpriority=\"high\" decoding=\"async\" width=\"2560\" height=\"640\" src=\"https:\/\/www.javeriano.edu.co\/javerianonew\/wp-content\/uploads\/2025\/02\/BANNER-OPEN-HOUSE-2025-07-scaled.jpg\" class=\"attachment-full size-full wp-image-4542\" alt=\"\" srcset=\"https:\/\/www.javeriano.edu.co\/javerianonew\/wp-content\/uploads\/2025\/02\/BANNER-OPEN-HOUSE-2025-07-scaled.jpg 2560w, https:\/\/www.javeriano.edu.co\/javerianonew\/wp-content\/uploads\/2025\/02\/BANNER-OPEN-HOUSE-2025-07-300x75.jpg 300w, https:\/\/www.javeriano.edu.co\/javerianonew\/wp-content\/uploads\/2025\/02\/BANNER-OPEN-HOUSE-2025-07-1024x256.jpg 1024w, https:\/\/www.javeriano.edu.co\/javerianonew\/wp-content\/uploads\/2025\/02\/BANNER-OPEN-HOUSE-2025-07-768x192.jpg 768w, https:\/\/www.javeriano.edu.co\/javerianonew\/wp-content\/uploads\/2025\/02\/BANNER-OPEN-HOUSE-2025-07-1536x384.jpg 1536w, https:\/\/www.javeriano.edu.co\/javerianonew\/wp-content\/uploads\/2025\/02\/BANNER-OPEN-HOUSE-2025-07-2048x512.jpg 2048w, https:\/\/www.javeriano.edu.co\/javerianonew\/wp-content\/uploads\/2025\/02\/BANNER-OPEN-HOUSE-2025-07-280x70.jpg 280w\" sizes=\"(max-width: 2560px) 100vw, 2560px\" \/>\t\t\t\t\t\t\t\t\t\t\t\t\t\t\t<\/div>\n\t\t\t\t<\/div>\n\t\t\t\t<div class=\"elementor-element elementor-element-891cd49 elementor-widget-divider--view-line elementor-widget elementor-widget-divider\" data-id=\"891cd49\" data-element_type=\"widget\" data-widget_type=\"divider.default\">\n\t\t\t\t<div class=\"elementor-widget-container\">\n\t\t\t\t\t\t\t<div class=\"elementor-divider\">\n\t\t\t<span class=\"elementor-divider-separator\">\n\t\t\t\t\t\t<\/span>\n\t\t<\/div>\n\t\t\t\t\t\t<\/div>\n\t\t\t\t<\/div>\n\t\t\t\t\t<\/div>\n\t\t\t\t<\/div>\n\t\t<div class=\"elementor-element elementor-element-36bf5d7 e-flex e-con-boxed e-con e-parent\" data-id=\"36bf5d7\" data-element_type=\"container\">\n\t\t\t\t\t<div class=\"e-con-inner\">\n\t\t\t\t<div class=\"elementor-element elementor-element-7b03cc5 elementor-cta--skin-classic elementor-animated-content elementor-bg-transform elementor-bg-transform-zoom-in elementor-widget elementor-widget-call-to-action\" data-id=\"7b03cc5\" data-element_type=\"widget\" data-widget_type=\"call-to-action.default\">\n\t\t\t\t<div class=\"elementor-widget-container\">\n\t\t\t\t\t\t\t<a class=\"elementor-cta\" href=\"https:\/\/forms.gle\/iLKxBhGkFjRoFkBBA\">\n\t\t\t\t\t\t\t<div class=\"elementor-cta__content\">\n\t\t\t\t\n\t\t\t\t\t\t\t\t\t<h3 class=\"elementor-cta__title elementor-cta__content-item elementor-content-item\">\n\t\t\t\t\t\tFormulario de inscripci\u00f3n al Open House\t\t\t\t\t<\/h3>\n\t\t\t\t\n\t\t\t\t\n\t\t\t\t\t\t\t\t\t<div class=\"elementor-cta__button-wrapper elementor-cta__content-item elementor-content-item \">\n\t\t\t\t\t<span class=\"elementor-cta__button elementor-button elementor-size-\">\n\t\t\t\t\t\tClick Here\t\t\t\t\t<\/span>\n\t\t\t\t\t<\/div>\n\t\t\t\t\t\t\t<\/div>\n\t\t\t\t\t\t<\/a>\n\t\t\t\t\t\t<\/div>\n\t\t\t\t<\/div>\n\t\t\t\t\t<\/div>\n\t\t\t\t<\/div>\n\t\t<div class=\"elementor-element elementor-element-5ade787 e-grid e-con-boxed e-con e-parent\" data-id=\"5ade787\" data-element_type=\"container\">\n\t\t\t\t\t<div class=\"e-con-inner\">\n\t\t\t\t<div class=\"elementor-element elementor-element-4fbe593 elementor-widget elementor-widget-image\" data-id=\"4fbe593\" data-element_type=\"widget\" data-widget_type=\"image.default\">\n\t\t\t\t<div class=\"elementor-widget-container\">\n\t\t\t\t\t\t\t\t\t\t\t\t\t\t\t<img decoding=\"async\" width=\"800\" height=\"450\" src=\"https:\/\/www.javeriano.edu.co\/javerianonew\/wp-content\/uploads\/2025\/02\/parvulos-1-1024x576.webp\" class=\"attachment-large size-large wp-image-4616\" alt=\"\" srcset=\"https:\/\/www.javeriano.edu.co\/javerianonew\/wp-content\/uploads\/2025\/02\/parvulos-1-1024x576.webp 1024w, https:\/\/www.javeriano.edu.co\/javerianonew\/wp-content\/uploads\/2025\/02\/parvulos-1-300x169.webp 300w, https:\/\/www.javeriano.edu.co\/javerianonew\/wp-content\/uploads\/2025\/02\/parvulos-1-768x432.webp 768w, https:\/\/www.javeriano.edu.co\/javerianonew\/wp-content\/uploads\/2025\/02\/parvulos-1-1536x864.webp 1536w, https:\/\/www.javeriano.edu.co\/javerianonew\/wp-content\/uploads\/2025\/02\/parvulos-1-280x158.webp 280w, https:\/\/www.javeriano.edu.co\/javerianonew\/wp-content\/uploads\/2025\/02\/parvulos-1.webp 1920w\" sizes=\"(max-width: 800px) 100vw, 800px\" \/>\t\t\t\t\t\t\t\t\t\t\t\t\t\t\t<\/div>\n\t\t\t\t<\/div>\n\t\t\t\t<div class=\"elementor-element elementor-element-950509c elementor-widget elementor-widget-image\" data-id=\"950509c\" data-element_type=\"widget\" data-widget_type=\"image.default\">\n\t\t\t\t<div class=\"elementor-widget-container\">\n\t\t\t\t\t\t\t\t\t\t\t\t\t\t\t<img decoding=\"async\" width=\"800\" height=\"978\" src=\"https:\/\/www.javeriano.edu.co\/javerianonew\/wp-content\/uploads\/2025\/02\/parvulos-2-838x1024.webp\" class=\"attachment-large size-large wp-image-4617\" alt=\"\" srcset=\"https:\/\/www.javeriano.edu.co\/javerianonew\/wp-content\/uploads\/2025\/02\/parvulos-2-838x1024.webp 838w, https:\/\/www.javeriano.edu.co\/javerianonew\/wp-content\/uploads\/2025\/02\/parvulos-2-246x300.webp 246w, https:\/\/www.javeriano.edu.co\/javerianonew\/wp-content\/uploads\/2025\/02\/parvulos-2-768x938.webp 768w, https:\/\/www.javeriano.edu.co\/javerianonew\/wp-content\/uploads\/2025\/02\/parvulos-2-1257x1536.webp 1257w, https:\/\/www.javeriano.edu.co\/javerianonew\/wp-content\/uploads\/2025\/02\/parvulos-2-280x342.webp 280w, https:\/\/www.javeriano.edu.co\/javerianonew\/wp-content\/uploads\/2025\/02\/parvulos-2.webp 1398w\" sizes=\"(max-width: 800px) 100vw, 800px\" \/>\t\t\t\t\t\t\t\t\t\t\t\t\t\t\t<\/div>\n\t\t\t\t<\/div>\n\t\t\t\t<div class=\"elementor-element elementor-element-e0e32ec elementor-widget elementor-widget-text-editor\" data-id=\"e0e32ec\" data-element_type=\"widget\" data-widget_type=\"text-editor.default\">\n\t\t\t\t<div class=\"elementor-widget-container\">\n\t\t\t\t\t\t\t\t\t<p>\u00danete a nuestra comunidad educativa y descubre el privilegio de formar parte de una instituci\u00f3n con m\u00e1s de tres siglos de tradici\u00f3n en educaci\u00f3n jesuita. Juntos, construiremos un futuro brillante para tus hijos. \u00a1Te esperamos con los brazos abiertos en el Colegio San Francisco Javier de Pasto!<\/p>\t\t\t\t\t\t\t\t<\/div>\n\t\t\t\t<\/div>\n\t\t\t\t\t<\/div>\n\t\t\t\t<\/div>\n\t\t<div class=\"elementor-element elementor-element-afc96e3 e-flex e-con-boxed e-con e-parent\" data-id=\"afc96e3\" data-element_type=\"container\">\n\t\t\t\t\t<div class=\"e-con-inner\">\n\t\t\t\t<div class=\"elementor-element elementor-element-8145871 elementor-widget elementor-widget-image\" data-id=\"8145871\" data-element_type=\"widget\" data-widget_type=\"image.default\">\n\t\t\t\t<div class=\"elementor-widget-container\">\n\t\t\t\t\t\t\t\t\t\t\t\t\t\t\t<img loading=\"lazy\" decoding=\"async\" width=\"800\" height=\"449\" src=\"https:\/\/www.javeriano.edu.co\/javerianonew\/wp-content\/uploads\/2025\/02\/open-web-2-1024x575.webp\" class=\"attachment-large size-large wp-image-4641\" alt=\"\" srcset=\"https:\/\/www.javeriano.edu.co\/javerianonew\/wp-content\/uploads\/2025\/02\/open-web-2-1024x575.webp 1024w, https:\/\/www.javeriano.edu.co\/javerianonew\/wp-content\/uploads\/2025\/02\/open-web-2-300x169.webp 300w, https:\/\/www.javeriano.edu.co\/javerianonew\/wp-content\/uploads\/2025\/02\/open-web-2-768x432.webp 768w, https:\/\/www.javeriano.edu.co\/javerianonew\/wp-content\/uploads\/2025\/02\/open-web-2-280x157.webp 280w, https:\/\/www.javeriano.edu.co\/javerianonew\/wp-content\/uploads\/2025\/02\/open-web-2.webp 1500w\" sizes=\"(max-width: 800px) 100vw, 800px\" \/>\t\t\t\t\t\t\t\t\t\t\t\t\t\t\t<\/div>\n\t\t\t\t<\/div>\n\t\t\t\t<div class=\"elementor-element elementor-element-ab481fc elementor-widget elementor-widget-image\" data-id=\"ab481fc\" data-element_type=\"widget\" data-widget_type=\"image.default\">\n\t\t\t\t<div class=\"elementor-widget-container\">\n\t\t\t\t\t\t\t\t\t\t\t\t\t\t\t<img loading=\"lazy\" decoding=\"async\" width=\"800\" height=\"449\" src=\"https:\/\/www.javeriano.edu.co\/javerianonew\/wp-content\/uploads\/2025\/02\/open-web-3-1024x575.webp\" class=\"attachment-large size-large wp-image-4642\" alt=\"\" srcset=\"https:\/\/www.javeriano.edu.co\/javerianonew\/wp-content\/uploads\/2025\/02\/open-web-3-1024x575.webp 1024w, https:\/\/www.javeriano.edu.co\/javerianonew\/wp-content\/uploads\/2025\/02\/open-web-3-300x169.webp 300w, https:\/\/www.javeriano.edu.co\/javerianonew\/wp-content\/uploads\/2025\/02\/open-web-3-768x432.webp 768w, https:\/\/www.javeriano.edu.co\/javerianonew\/wp-content\/uploads\/2025\/02\/open-web-3-280x157.webp 280w, https:\/\/www.javeriano.edu.co\/javerianonew\/wp-content\/uploads\/2025\/02\/open-web-3.webp 1452w\" sizes=\"(max-width: 800px) 100vw, 800px\" \/>\t\t\t\t\t\t\t\t\t\t\t\t\t\t\t<\/div>\n\t\t\t\t<\/div>\n\t\t\t\t<div class=\"elementor-element elementor-element-bb6b779 elementor-widget elementor-widget-image\" data-id=\"bb6b779\" data-element_type=\"widget\" data-widget_type=\"image.default\">\n\t\t\t\t<div class=\"elementor-widget-container\">\n\t\t\t\t\t\t\t\t\t\t\t\t\t\t\t<img loading=\"lazy\" decoding=\"async\" width=\"768\" height=\"475\" src=\"https:\/\/www.javeriano.edu.co\/javerianonew\/wp-content\/uploads\/2025\/02\/open-web-1-768x475.webp\" class=\"attachment-medium_large size-medium_large wp-image-4640\" alt=\"\" srcset=\"https:\/\/www.javeriano.edu.co\/javerianonew\/wp-content\/uploads\/2025\/02\/open-web-1-768x475.webp 768w, https:\/\/www.javeriano.edu.co\/javerianonew\/wp-content\/uploads\/2025\/02\/open-web-1-300x185.webp 300w, https:\/\/www.javeriano.edu.co\/javerianonew\/wp-content\/uploads\/2025\/02\/open-web-1-1024x633.webp 1024w, https:\/\/www.javeriano.edu.co\/javerianonew\/wp-content\/uploads\/2025\/02\/open-web-1-280x173.webp 280w, https:\/\/www.javeriano.edu.co\/javerianonew\/wp-content\/uploads\/2025\/02\/open-web-1.webp 1500w\" sizes=\"(max-width: 768px) 100vw, 768px\" \/>\t\t\t\t\t\t\t\t\t\t\t\t\t\t\t<\/div>\n\t\t\t\t<\/div>\n\t\t\t\t\t<\/div>\n\t\t\t\t<\/div>\n\t\t<div class=\"elementor-element elementor-element-7b6e28d e-flex e-con-boxed e-con e-parent\" data-id=\"7b6e28d\" data-element_type=\"container\">\n\t\t\t\t\t<div class=\"e-con-inner\">\n\t\t\t\t<div class=\"elementor-element elementor-element-63e9484 elementor-flip-box--effect-flip elementor-flip-box--direction-up elementor-widget elementor-widget-flip-box\" data-id=\"63e9484\" data-element_type=\"widget\" data-widget_type=\"flip-box.default\">\n\t\t\t\t<div class=\"elementor-widget-container\">\n\t\t\t\t\t\t\t<div class=\"elementor-flip-box\" tabindex=\"0\">\n\t\t\t<div class=\"elementor-flip-box__layer elementor-flip-box__front\">\n\t\t\t\t<div class=\"elementor-flip-box__layer__overlay\">\n\t\t\t\t\t<div class=\"elementor-flip-box__layer__inner\">\n\t\t\t\t\t\t\t\t\t\t\t\t\t<div class=\"elementor-icon-wrapper elementor-view-default\">\n\t\t\t\t\t\t\t\t<div class=\"elementor-icon\">\n\t\t\t\t\t\t\t\t\t<svg class=\"e-font-icon-svg e-fas-child\" viewBox=\"0 0 384 512\" xmlns=\"http:\/\/www.w3.org\/2000\/svg\"><path d=\"M120 72c0-39.765 32.235-72 72-72s72 32.235 72 72c0 39.764-32.235 72-72 72s-72-32.236-72-72zm254.627 1.373c-12.496-12.497-32.758-12.497-45.254 0L242.745 160H141.254L54.627 73.373c-12.496-12.497-32.758-12.497-45.254 0-12.497 12.497-12.497 32.758 0 45.255L104 213.254V480c0 17.673 14.327 32 32 32h16c17.673 0 32-14.327 32-32V368h16v112c0 17.673 14.327 32 32 32h16c17.673 0 32-14.327 32-32V213.254l94.627-94.627c12.497-12.497 12.497-32.757 0-45.254z\"><\/path><\/svg>\t\t\t\t\t\t\t\t<\/div>\n\t\t\t\t\t\t\t<\/div>\n\t\t\t\t\t\t\n\t\t\t\t\t\t\t\t\t\t\t\t\t<h5 class=\"elementor-flip-box__layer__title\">\n\t\t\t\t\t\t\t\tOpen House para informarte\t\t\t\t\t\t\t<\/h5>\n\t\t\t\t\t\t\n\t\t\t\t\t\t\t\t\t\t\t\t\t<div class=\"elementor-flip-box__layer__description\">\n\t\t\t\t\t\t\t\tConocer\u00e1s nuestra propuesta educativa, nuestro Preescolar Javeriano, sus instalaciones, c\u00f3mo es un d\u00eda a d\u00eda en el colegio\t\t\t\t\t\t\t<\/div>\n\t\t\t\t\t\t\t\t\t\t\t<\/div>\n\t\t\t\t<\/div>\n\t\t\t<\/div>\n\t\t\t<div class=\"elementor-flip-box__layer elementor-flip-box__back\">\n\t\t\t<div class=\"elementor-flip-box__layer__overlay\">\n\t\t\t\t<div class=\"elementor-flip-box__layer__inner\">\n\t\t\t\t\t\t\t\t\t\t\t<h5 class=\"elementor-flip-box__layer__title\">\n\t\t\t\t\t\t\tDiversi\u00f3n para tu hijo\/a\t\t\t\t\t\t<\/h5>\n\t\t\t\t\t\n\t\t\t\t\t\t\t\t\t\t\t<div class=\"elementor-flip-box__layer__description\">\n\t\t\t\t\t\t\tMientras recibes la informaci\u00f3n institucional tu hijo se divierte viviendo una experiencia significativa en el Preescolar Javeriano\t\t\t\t\t\t<\/div>\n\t\t\t\t\t\n\t\t\t\t\t\t\t\t<\/div>\n\t\t<\/div>\n\t\t<\/div>\n\t\t<\/div>\n\t\t\t\t\t\t<\/div>\n\t\t\t\t<\/div>\n\t\t\t\t\t<\/div>\n\t\t\t\t<\/div>\n\t\t<div class=\"elementor-element elementor-element-bf8c7ae e-flex e-con-boxed e-con e-parent\" data-id=\"bf8c7ae\" data-element_type=\"container\">\n\t\t\t\t\t<div class=\"e-con-inner\">\n\t\t\t\t<div class=\"elementor-element elementor-element-cb944cd elementor-widget elementor-widget-html\" data-id=\"cb944cd\" data-element_type=\"widget\" data-widget_type=\"html.default\">\n\t\t\t\t<div class=\"elementor-widget-container\">\n\t\t\t\t\t<iframe src=\"https:\/\/docs.google.com\/forms\/d\/e\/1FAIpQLScFz4iGy51FEsthx7eYT85aBvZwmRoEukJbovL_d2lmAPOaVw\/viewform?embedded=true\" width=\"640\" height=\"3703\" frameborder=\"0\" marginheight=\"0\" marginwidth=\"0\">Cargando\u2026<\/iframe>\t\t\t\t<\/div>\n\t\t\t\t<\/div>\n\t\t\t\t\t<\/div>\n\t\t\t\t<\/div>\n\t\t<div class=\"elementor-element elementor-element-5e0cf79 e-grid e-con-boxed e-con e-parent\" data-id=\"5e0cf79\" data-element_type=\"container\">\n\t\t\t\t\t<div class=\"e-con-inner\">\n\t\t\t\t\t<\/div>\n\t\t\t\t<\/div>\n\t\t\t\t<\/div>\n\t\t","protected":false},"excerpt":{"rendered":"<p>Formulario de inscripci\u00f3n al Open House Click Here \u00danete a nuestra comunidad educativa y descubre el privilegio de formar parte de una instituci\u00f3n con m\u00e1s de tres siglos de tradici\u00f3n [&hellip;]<\/p>\n","protected":false},"author":2,"featured_media":4542,"parent":0,"menu_order":0,"comment_status":"closed","ping_status":"closed","template":"","meta":{"_acf_changed":false,"footnotes":""},"class_list":["post-4593","page","type-page","status-publish","has-post-thumbnail","hentry"],"acf":[],"_links":{"self":[{"href":"https:\/\/www.javeriano.edu.co\/javerianonew\/wp-json\/wp\/v2\/pages\/4593"}],"collection":[{"href":"https:\/\/www.javeriano.edu.co\/javerianonew\/wp-json\/wp\/v2\/pages"}],"about":[{"href":"https:\/\/www.javeriano.edu.co\/javerianonew\/wp-json\/wp\/v2\/types\/page"}],"author":[{"embeddable":true,"href":"https:\/\/www.javeriano.edu.co\/javerianonew\/wp-json\/wp\/v2\/users\/2"}],"replies":[{"embeddable":true,"href":"https:\/\/www.javeriano.edu.co\/javerianonew\/wp-json\/wp\/v2\/comments?post=4593"}],"version-history":[{"count":5,"href":"https:\/\/www.javeriano.edu.co\/javerianonew\/wp-json\/wp\/v2\/pages\/4593\/revisions"}],"predecessor-version":[{"id":4810,"href":"https:\/\/www.javeriano.edu.co\/javerianonew\/wp-json\/wp\/v2\/pages\/4593\/revisions\/4810"}],"wp:featuredmedia":[{"embeddable":true,"href":"https:\/\/www.javeriano.edu.co\/javerianonew\/wp-json\/wp\/v2\/media\/4542"}],"wp:attachment":[{"href":"https:\/\/www.javeriano.edu.co\/javerianonew\/wp-json\/wp\/v2\/media?parent=4593"}],"curies":[{"name":"wp","href":"https:\/\/api.w.org\/{rel}","templated":true}]}}