{"id":5432,"date":"2025-05-05T16:33:24","date_gmt":"2025-05-05T16:33:24","guid":{"rendered":"https:\/\/www.javeriano.edu.co\/javerianonew\/?page_id=5432"},"modified":"2025-05-05T16:33:24","modified_gmt":"2025-05-05T16:33:24","slug":"semana-del-libro-en-el-claustro","status":"publish","type":"page","link":"https:\/\/www.javeriano.edu.co\/javerianonew\/semana-del-libro-en-el-claustro\/","title":{"rendered":"Semana del libro en el Claustro"},"content":{"rendered":"\n<p>Durante la Semana del Libro, desarrollada entre el 22 y 26 de abril, cada grado del colegio prepar\u00f3 un stand literario, en el cual expusieron una obra representativa y exhibieron los trabajos desarrollados por los estudiantes a lo largo de su proceso lector. Estas presentaciones reflejaron la comprensi\u00f3n lectora y la capacidad de an\u00e1lisis, expresi\u00f3n art\u00edstica y trabajo en equipo.<br>La Semana del Libro en la sede Centro tuvo como eje tem\u00e1tico a Espa\u00f1a, pa\u00eds invitado. La programaci\u00f3n incluy\u00f3 la participaci\u00f3n de destacados invitados que complementaron la experiencia cultural y pedag\u00f3gica en temas como Caricatura, C\u00f3mic, Astronom\u00eda, M\u00fasica y literatura, Poes\u00eda y Ajedrez.<br>La Semana del Libro es, sin duda, una celebraci\u00f3n del saber, la creatividad y la cultura, que fortalece el compromiso del Colegio San Francisco Javier con la formaci\u00f3n integral de sus estudiantes; y es organizada por Michael Delgado Coordinador de la Biblioteca Jos\u00e9 Segundo La\u00ednez y Jonathan Espa\u00f1a docente del \u00e1rea de Castellano y literatura del Colegio.<\/p>\n\n\n\n<figure class=\"wp-block-gallery has-nested-images columns-default is-cropped wp-block-gallery-1 is-layout-flex wp-block-gallery-is-layout-flex\">\n<figure class=\"wp-block-image size-large\"><img fetchpriority=\"high\" decoding=\"async\" width=\"1000\" height=\"667\" data-id=\"5434\" src=\"https:\/\/www.javeriano.edu.co\/javerianonew\/wp-content\/uploads\/2025\/05\/IMG_0527.jpg\" alt=\"\" class=\"wp-image-5434\" srcset=\"https:\/\/www.javeriano.edu.co\/javerianonew\/wp-content\/uploads\/2025\/05\/IMG_0527.jpg 1000w, https:\/\/www.javeriano.edu.co\/javerianonew\/wp-content\/uploads\/2025\/05\/IMG_0527-300x200.jpg 300w, https:\/\/www.javeriano.edu.co\/javerianonew\/wp-content\/uploads\/2025\/05\/IMG_0527-768x512.jpg 768w, https:\/\/www.javeriano.edu.co\/javerianonew\/wp-content\/uploads\/2025\/05\/IMG_0527-280x187.jpg 280w\" sizes=\"(max-width: 1000px) 100vw, 1000px\" \/><\/figure>\n\n\n\n<figure class=\"wp-block-image size-large\"><img decoding=\"async\" width=\"1000\" height=\"667\" data-id=\"5433\" src=\"https:\/\/www.javeriano.edu.co\/javerianonew\/wp-content\/uploads\/2025\/05\/IMG_0528.jpg\" alt=\"\" class=\"wp-image-5433\" srcset=\"https:\/\/www.javeriano.edu.co\/javerianonew\/wp-content\/uploads\/2025\/05\/IMG_0528.jpg 1000w, https:\/\/www.javeriano.edu.co\/javerianonew\/wp-content\/uploads\/2025\/05\/IMG_0528-300x200.jpg 300w, https:\/\/www.javeriano.edu.co\/javerianonew\/wp-content\/uploads\/2025\/05\/IMG_0528-768x512.jpg 768w, https:\/\/www.javeriano.edu.co\/javerianonew\/wp-content\/uploads\/2025\/05\/IMG_0528-280x187.jpg 280w\" sizes=\"(max-width: 1000px) 100vw, 1000px\" \/><\/figure>\n\n\n\n<figure class=\"wp-block-image size-large\"><img decoding=\"async\" width=\"1000\" height=\"667\" data-id=\"5437\" src=\"https:\/\/www.javeriano.edu.co\/javerianonew\/wp-content\/uploads\/2025\/05\/IMG_0661.jpg\" alt=\"\" class=\"wp-image-5437\" srcset=\"https:\/\/www.javeriano.edu.co\/javerianonew\/wp-content\/uploads\/2025\/05\/IMG_0661.jpg 1000w, https:\/\/www.javeriano.edu.co\/javerianonew\/wp-content\/uploads\/2025\/05\/IMG_0661-300x200.jpg 300w, https:\/\/www.javeriano.edu.co\/javerianonew\/wp-content\/uploads\/2025\/05\/IMG_0661-768x512.jpg 768w, https:\/\/www.javeriano.edu.co\/javerianonew\/wp-content\/uploads\/2025\/05\/IMG_0661-280x187.jpg 280w\" sizes=\"(max-width: 1000px) 100vw, 1000px\" \/><\/figure>\n\n\n\n<figure class=\"wp-block-image size-large\"><img loading=\"lazy\" decoding=\"async\" width=\"1000\" height=\"667\" data-id=\"5436\" src=\"https:\/\/www.javeriano.edu.co\/javerianonew\/wp-content\/uploads\/2025\/05\/IMG_0672.jpg\" alt=\"\" class=\"wp-image-5436\" srcset=\"https:\/\/www.javeriano.edu.co\/javerianonew\/wp-content\/uploads\/2025\/05\/IMG_0672.jpg 1000w, https:\/\/www.javeriano.edu.co\/javerianonew\/wp-content\/uploads\/2025\/05\/IMG_0672-300x200.jpg 300w, https:\/\/www.javeriano.edu.co\/javerianonew\/wp-content\/uploads\/2025\/05\/IMG_0672-768x512.jpg 768w, https:\/\/www.javeriano.edu.co\/javerianonew\/wp-content\/uploads\/2025\/05\/IMG_0672-280x187.jpg 280w\" sizes=\"(max-width: 1000px) 100vw, 1000px\" \/><\/figure>\n\n\n\n<figure class=\"wp-block-image size-large\"><img loading=\"lazy\" decoding=\"async\" width=\"1000\" height=\"667\" data-id=\"5435\" src=\"https:\/\/www.javeriano.edu.co\/javerianonew\/wp-content\/uploads\/2025\/05\/IMG_0676.jpg\" alt=\"\" class=\"wp-image-5435\" srcset=\"https:\/\/www.javeriano.edu.co\/javerianonew\/wp-content\/uploads\/2025\/05\/IMG_0676.jpg 1000w, https:\/\/www.javeriano.edu.co\/javerianonew\/wp-content\/uploads\/2025\/05\/IMG_0676-300x200.jpg 300w, https:\/\/www.javeriano.edu.co\/javerianonew\/wp-content\/uploads\/2025\/05\/IMG_0676-768x512.jpg 768w, https:\/\/www.javeriano.edu.co\/javerianonew\/wp-content\/uploads\/2025\/05\/IMG_0676-280x187.jpg 280w\" sizes=\"(max-width: 1000px) 100vw, 1000px\" \/><\/figure>\n\n\n\n<figure class=\"wp-block-image size-large\"><img loading=\"lazy\" decoding=\"async\" width=\"1000\" height=\"667\" data-id=\"5438\" src=\"https:\/\/www.javeriano.edu.co\/javerianonew\/wp-content\/uploads\/2025\/05\/IMG_0686.jpg\" alt=\"\" class=\"wp-image-5438\" srcset=\"https:\/\/www.javeriano.edu.co\/javerianonew\/wp-content\/uploads\/2025\/05\/IMG_0686.jpg 1000w, https:\/\/www.javeriano.edu.co\/javerianonew\/wp-content\/uploads\/2025\/05\/IMG_0686-300x200.jpg 300w, https:\/\/www.javeriano.edu.co\/javerianonew\/wp-content\/uploads\/2025\/05\/IMG_0686-768x512.jpg 768w, https:\/\/www.javeriano.edu.co\/javerianonew\/wp-content\/uploads\/2025\/05\/IMG_0686-280x187.jpg 280w\" sizes=\"(max-width: 1000px) 100vw, 1000px\" \/><\/figure>\n\n\n\n<figure class=\"wp-block-image size-large\"><img loading=\"lazy\" decoding=\"async\" width=\"1000\" height=\"667\" data-id=\"5439\" src=\"https:\/\/www.javeriano.edu.co\/javerianonew\/wp-content\/uploads\/2025\/05\/IMG_0697.jpg\" alt=\"\" class=\"wp-image-5439\" srcset=\"https:\/\/www.javeriano.edu.co\/javerianonew\/wp-content\/uploads\/2025\/05\/IMG_0697.jpg 1000w, https:\/\/www.javeriano.edu.co\/javerianonew\/wp-content\/uploads\/2025\/05\/IMG_0697-300x200.jpg 300w, https:\/\/www.javeriano.edu.co\/javerianonew\/wp-content\/uploads\/2025\/05\/IMG_0697-768x512.jpg 768w, https:\/\/www.javeriano.edu.co\/javerianonew\/wp-content\/uploads\/2025\/05\/IMG_0697-280x187.jpg 280w\" sizes=\"(max-width: 1000px) 100vw, 1000px\" \/><\/figure>\n\n\n\n<figure class=\"wp-block-image size-large\"><img loading=\"lazy\" decoding=\"async\" width=\"1000\" height=\"667\" data-id=\"5440\" src=\"https:\/\/www.javeriano.edu.co\/javerianonew\/wp-content\/uploads\/2025\/05\/IMG_0789.jpg\" alt=\"\" class=\"wp-image-5440\" srcset=\"https:\/\/www.javeriano.edu.co\/javerianonew\/wp-content\/uploads\/2025\/05\/IMG_0789.jpg 1000w, https:\/\/www.javeriano.edu.co\/javerianonew\/wp-content\/uploads\/2025\/05\/IMG_0789-300x200.jpg 300w, https:\/\/www.javeriano.edu.co\/javerianonew\/wp-content\/uploads\/2025\/05\/IMG_0789-768x512.jpg 768w, https:\/\/www.javeriano.edu.co\/javerianonew\/wp-content\/uploads\/2025\/05\/IMG_0789-280x187.jpg 280w\" sizes=\"(max-width: 1000px) 100vw, 1000px\" \/><\/figure>\n<\/figure>\n","protected":false},"excerpt":{"rendered":"<p>Durante la Semana del Libro, desarrollada entre el 22 y 26 de abril, cada grado del colegio prepar\u00f3 un stand literario, en el cual expusieron una obra representativa y exhibieron [&hellip;]<\/p>\n","protected":false},"author":3,"featured_media":0,"parent":0,"menu_order":0,"comment_status":"closed","ping_status":"closed","template":"","meta":{"_acf_changed":false,"footnotes":""},"class_list":["post-5432","page","type-page","status-publish","hentry"],"acf":[],"_links":{"self":[{"href":"https:\/\/www.javeriano.edu.co\/javerianonew\/wp-json\/wp\/v2\/pages\/5432"}],"collection":[{"href":"https:\/\/www.javeriano.edu.co\/javerianonew\/wp-json\/wp\/v2\/pages"}],"about":[{"href":"https:\/\/www.javeriano.edu.co\/javerianonew\/wp-json\/wp\/v2\/types\/page"}],"author":[{"embeddable":true,"href":"https:\/\/www.javeriano.edu.co\/javerianonew\/wp-json\/wp\/v2\/users\/3"}],"replies":[{"embeddable":true,"href":"https:\/\/www.javeriano.edu.co\/javerianonew\/wp-json\/wp\/v2\/comments?post=5432"}],"version-history":[{"count":1,"href":"https:\/\/www.javeriano.edu.co\/javerianonew\/wp-json\/wp\/v2\/pages\/5432\/revisions"}],"predecessor-version":[{"id":5441,"href":"https:\/\/www.javeriano.edu.co\/javerianonew\/wp-json\/wp\/v2\/pages\/5432\/revisions\/5441"}],"wp:attachment":[{"href":"https:\/\/www.javeriano.edu.co\/javerianonew\/wp-json\/wp\/v2\/media?parent=5432"}],"curies":[{"name":"wp","href":"https:\/\/api.w.org\/{rel}","templated":true}]}}