{"id":6350,"date":"2025-08-26T15:54:03","date_gmt":"2025-08-26T15:54:03","guid":{"rendered":"https:\/\/www.javeriano.edu.co\/javerianonew\/?page_id=6350"},"modified":"2026-03-24T21:52:13","modified_gmt":"2026-03-24T21:52:13","slug":"padres-de-familia","status":"publish","type":"page","link":"https:\/\/www.javeriano.edu.co\/javerianonew\/padres-de-familia\/","title":{"rendered":"Padres de Familia"},"content":{"rendered":"\t\t<div data-elementor-type=\"wp-page\" data-elementor-id=\"6350\" class=\"elementor elementor-6350\" data-elementor-post-type=\"page\">\n\t\t\t\t<div class=\"elementor-element elementor-element-97bc66a e-flex e-con-boxed e-con e-parent\" data-id=\"97bc66a\" data-element_type=\"container\" data-settings=\"{&quot;background_background&quot;:&quot;classic&quot;}\">\n\t\t\t\t\t<div class=\"e-con-inner\">\n\t\t\t\t<div class=\"elementor-element elementor-element-3f33eb4 elementor-widget__width-initial elementor-widget elementor-widget-heading\" data-id=\"3f33eb4\" data-element_type=\"widget\" data-widget_type=\"heading.default\">\n\t\t\t\t<div class=\"elementor-widget-container\">\n\t\t\t\t\t<h1 class=\"elementor-heading-title elementor-size-default\">Padres de Familia<\/h1>\t\t\t\t<\/div>\n\t\t\t\t<\/div>\n\t\t\t\t\t<\/div>\n\t\t\t\t<\/div>\n\t\t<div class=\"elementor-element elementor-element-14887a0 e-flex e-con-boxed e-con e-parent\" data-id=\"14887a0\" data-element_type=\"container\">\n\t\t\t\t\t<div class=\"e-con-inner\">\n\t\t<div class=\"elementor-element elementor-element-8a23a18 e-con-full e-flex e-con e-child\" data-id=\"8a23a18\" data-element_type=\"container\">\n\t\t\t\t<div class=\"elementor-element elementor-element-13aba76 elementor-widget-divider--view-line elementor-widget elementor-widget-divider\" data-id=\"13aba76\" data-element_type=\"widget\" data-widget_type=\"divider.default\">\n\t\t\t\t<div class=\"elementor-widget-container\">\n\t\t\t\t\t\t\t<div class=\"elementor-divider\">\n\t\t\t<span class=\"elementor-divider-separator\">\n\t\t\t\t\t\t<\/span>\n\t\t<\/div>\n\t\t\t\t\t\t<\/div>\n\t\t\t\t<\/div>\n\t\t\t\t<\/div>\n\t\t\t\t\t<\/div>\n\t\t\t\t<\/div>\n\t\t<div class=\"elementor-element elementor-element-44f36de e-grid e-con-boxed e-con e-parent\" data-id=\"44f36de\" data-element_type=\"container\" data-settings=\"{&quot;background_background&quot;:&quot;slideshow&quot;,&quot;background_slideshow_gallery&quot;:[],&quot;background_slideshow_loop&quot;:&quot;yes&quot;,&quot;background_slideshow_slide_duration&quot;:5000,&quot;background_slideshow_slide_transition&quot;:&quot;fade&quot;,&quot;background_slideshow_transition_duration&quot;:500}\">\n\t\t\t\t\t<div class=\"e-con-inner\">\n\t\t\t\t<div class=\"elementor-element elementor-element-310d784 elementor-widget elementor-widget-button\" data-id=\"310d784\" data-element_type=\"widget\" data-widget_type=\"button.default\">\n\t\t\t\t<div class=\"elementor-widget-container\">\n\t\t\t\t\t\t\t\t\t<div class=\"elementor-button-wrapper\">\n\t\t\t\t\t<a class=\"elementor-button elementor-button-link elementor-size-sm\" href=\"https:\/\/edu.controlacademic.co\/javeriano\/loginc.aspx\">\n\t\t\t\t\t\t<span class=\"elementor-button-content-wrapper\">\n\t\t\t\t\t\t\t\t\t<span class=\"elementor-button-text\">Ingreso a Control Academic<\/span>\n\t\t\t\t\t<\/span>\n\t\t\t\t\t<\/a>\n\t\t\t\t<\/div>\n\t\t\t\t\t\t\t\t<\/div>\n\t\t\t\t<\/div>\n\t\t\t\t<div class=\"elementor-element elementor-element-f370522 elementor-widget elementor-widget-button\" data-id=\"f370522\" data-element_type=\"widget\" data-widget_type=\"button.default\">\n\t\t\t\t<div class=\"elementor-widget-container\">\n\t\t\t\t\t\t\t\t\t<div class=\"elementor-button-wrapper\">\n\t\t\t\t\t<a class=\"elementor-button elementor-button-link elementor-size-sm\" href=\"https:\/\/www.javeriano.edu.co\/javerianonew\/wp-content\/uploads\/2025\/10\/HORARIO-ATEN.-P.-FLIA-2025-2026-AURORA.pdf\">\n\t\t\t\t\t\t<span class=\"elementor-button-content-wrapper\">\n\t\t\t\t\t\t\t\t\t<span class=\"elementor-button-text\">Directorio de atenci\u00f3n a padres Sede Aurora<\/span>\n\t\t\t\t\t<\/span>\n\t\t\t\t\t<\/a>\n\t\t\t\t<\/div>\n\t\t\t\t\t\t\t\t<\/div>\n\t\t\t\t<\/div>\n\t\t\t\t<div class=\"elementor-element elementor-element-5727d34 elementor-widget elementor-widget-button\" data-id=\"5727d34\" data-element_type=\"widget\" data-widget_type=\"button.default\">\n\t\t\t\t<div class=\"elementor-widget-container\">\n\t\t\t\t\t\t\t\t\t<div class=\"elementor-button-wrapper\">\n\t\t\t\t\t<a class=\"elementor-button elementor-button-link elementor-size-sm\" href=\"https:\/\/www.javeriano.edu.co\/javerianonew\/wp-content\/uploads\/2024\/10\/AMBIENTES-SANOS-Y-PROTEGIDOS-CARTILLA.pdf\">\n\t\t\t\t\t\t<span class=\"elementor-button-content-wrapper\">\n\t\t\t\t\t\t\t\t\t<span class=\"elementor-button-text\">Protocolo de Ambientes Sanos y Protegidos<\/span>\n\t\t\t\t\t<\/span>\n\t\t\t\t\t<\/a>\n\t\t\t\t<\/div>\n\t\t\t\t\t\t\t\t<\/div>\n\t\t\t\t<\/div>\n\t\t\t\t<div class=\"elementor-element elementor-element-46ac2f3 elementor-align-center elementor-widget elementor-widget-button\" data-id=\"46ac2f3\" data-element_type=\"widget\" data-widget_type=\"button.default\">\n\t\t\t\t<div class=\"elementor-widget-container\">\n\t\t\t\t\t\t\t\t\t<div class=\"elementor-button-wrapper\">\n\t\t\t\t\t<a class=\"elementor-button elementor-button-link elementor-size-sm\" href=\"https:\/\/www.javeriano.edu.co\/javerianonew\/pago-en-linea\/\">\n\t\t\t\t\t\t<span class=\"elementor-button-content-wrapper\">\n\t\t\t\t\t\t\t\t\t<span class=\"elementor-button-text\">Pagar en l\u00ednea<\/span>\n\t\t\t\t\t<\/span>\n\t\t\t\t\t<\/a>\n\t\t\t\t<\/div>\n\t\t\t\t\t\t\t\t<\/div>\n\t\t\t\t<\/div>\n\t\t\t\t<div class=\"elementor-element elementor-element-a12a4d4 elementor-align-center elementor-widget elementor-widget-button\" data-id=\"a12a4d4\" data-element_type=\"widget\" data-widget_type=\"button.default\">\n\t\t\t\t<div class=\"elementor-widget-container\">\n\t\t\t\t\t\t\t\t\t<div class=\"elementor-button-wrapper\">\n\t\t\t\t\t<a class=\"elementor-button elementor-button-link elementor-size-sm\" href=\"https:\/\/www.javeriano.edu.co\/javerianonew\/wp-content\/uploads\/2025\/10\/HORARIO-DE-ATENCION-CLAUSTRO-2025-2026.pdf\">\n\t\t\t\t\t\t<span class=\"elementor-button-content-wrapper\">\n\t\t\t\t\t\t\t\t\t<span class=\"elementor-button-text\">Directorio de atenci\u00f3n a padres Sede Centro<\/span>\n\t\t\t\t\t<\/span>\n\t\t\t\t\t<\/a>\n\t\t\t\t<\/div>\n\t\t\t\t\t\t\t\t<\/div>\n\t\t\t\t<\/div>\n\t\t\t\t<div class=\"elementor-element elementor-element-f7354f3 elementor-widget elementor-widget-button\" data-id=\"f7354f3\" data-element_type=\"widget\" data-widget_type=\"button.default\">\n\t\t\t\t<div class=\"elementor-widget-container\">\n\t\t\t\t\t\t\t\t\t<div class=\"elementor-button-wrapper\">\n\t\t\t\t\t<a class=\"elementor-button elementor-button-link elementor-size-sm\" href=\"https:\/\/www.javeriano.edu.co\/javerianonew\/wp-content\/uploads\/2025\/08\/01-Manual-de-Convivencia-OF-BIENESTAR-ok.pdf\">\n\t\t\t\t\t\t<span class=\"elementor-button-content-wrapper\">\n\t\t\t\t\t\t\t\t\t<span class=\"elementor-button-text\">Manual de Convivencia<\/span>\n\t\t\t\t\t<\/span>\n\t\t\t\t\t<\/a>\n\t\t\t\t<\/div>\n\t\t\t\t\t\t\t\t<\/div>\n\t\t\t\t<\/div>\n\t\t\t\t\t<\/div>\n\t\t\t\t<\/div>\n\t\t<div class=\"elementor-element elementor-element-6b4f741 e-flex e-con-boxed e-con e-parent\" data-id=\"6b4f741\" data-element_type=\"container\">\n\t\t\t\t\t<div class=\"e-con-inner\">\n\t\t<div class=\"elementor-element elementor-element-3c0ec5e e-con-full e-flex e-con e-child\" data-id=\"3c0ec5e\" data-element_type=\"container\">\n\t\t\t\t<div class=\"elementor-element elementor-element-a436e34 elementor-widget elementor-widget-image\" data-id=\"a436e34\" data-element_type=\"widget\" data-widget_type=\"image.default\">\n\t\t\t\t<div class=\"elementor-widget-container\">\n\t\t\t\t\t\t\t\t\t\t\t\t\t\t\t\t<a href=\"https:\/\/www.javeriano.edu.co\/javerianonew\/wp-content\/uploads\/2026\/02\/PLANEADOR-INSTITUCIONAL-marzo.jpg\" data-elementor-open-lightbox=\"yes\" data-elementor-lightbox-title=\"PLANEADOR INSTITUCIONAL marzo\" data-e-action-hash=\"#elementor-action%3Aaction%3Dlightbox%26settings%3DeyJpZCI6NzM4MCwidXJsIjoiaHR0cHM6XC9cL3d3dy5qYXZlcmlhbm8uZWR1LmNvXC9qYXZlcmlhbm9uZXdcL3dwLWNvbnRlbnRcL3VwbG9hZHNcLzIwMjZcLzAyXC9QTEFORUFET1ItSU5TVElUVUNJT05BTC1tYXJ6by5qcGcifQ%3D%3D\">\n\t\t\t\t\t\t\t<img fetchpriority=\"high\" decoding=\"async\" width=\"768\" height=\"593\" src=\"https:\/\/www.javeriano.edu.co\/javerianonew\/wp-content\/uploads\/2026\/02\/PLANEADOR-INSTITUCIONAL-marzo-768x593.jpg\" class=\"attachment-medium_large size-medium_large wp-image-7380\" alt=\"\" srcset=\"https:\/\/www.javeriano.edu.co\/javerianonew\/wp-content\/uploads\/2026\/02\/PLANEADOR-INSTITUCIONAL-marzo-768x593.jpg 768w, https:\/\/www.javeriano.edu.co\/javerianonew\/wp-content\/uploads\/2026\/02\/PLANEADOR-INSTITUCIONAL-marzo-300x232.jpg 300w, https:\/\/www.javeriano.edu.co\/javerianonew\/wp-content\/uploads\/2026\/02\/PLANEADOR-INSTITUCIONAL-marzo-1024x791.jpg 1024w, https:\/\/www.javeriano.edu.co\/javerianonew\/wp-content\/uploads\/2026\/02\/PLANEADOR-INSTITUCIONAL-marzo-280x216.jpg 280w, https:\/\/www.javeriano.edu.co\/javerianonew\/wp-content\/uploads\/2026\/02\/PLANEADOR-INSTITUCIONAL-marzo.jpg 1100w\" sizes=\"(max-width: 768px) 100vw, 768px\" \/>\t\t\t\t\t\t\t\t<\/a>\n\t\t\t\t\t\t\t\t\t\t\t\t\t\t\t<\/div>\n\t\t\t\t<\/div>\n\t\t\t\t<\/div>\n\t\t\t\t\t<\/div>\n\t\t\t\t<\/div>\n\t\t<div class=\"elementor-element elementor-element-2d377d4 e-flex e-con-boxed e-con e-parent\" data-id=\"2d377d4\" data-element_type=\"container\">\n\t\t\t\t\t<div class=\"e-con-inner\">\n\t\t\t\t<div class=\"elementor-element elementor-element-9278bd6 elementor-widget-divider--view-line_icon elementor-widget-divider--separator-type-pattern elementor-view-default elementor-widget-divider--element-align-center elementor-widget elementor-widget-divider\" data-id=\"9278bd6\" data-element_type=\"widget\" data-widget_type=\"divider.default\">\n\t\t\t\t<div class=\"elementor-widget-container\">\n\t\t\t\t\t\t\t<div class=\"elementor-divider\" style=\"--divider-pattern-url: url(&quot;data:image\/svg+xml,%3Csvg xmlns=&#039;http:\/\/www.w3.org\/2000\/svg&#039; preserveAspectRatio=&#039;none&#039; overflow=&#039;visible&#039; height=&#039;100%&#039; viewBox=&#039;0 0 24 24&#039; fill=&#039;none&#039; stroke=&#039;black&#039; stroke-width=&#039;1&#039; stroke-linecap=&#039;square&#039; stroke-miterlimit=&#039;10&#039;%3E%3Cpath d=&#039;M0,6c6,0,6,13,12,13S18,6,24,6&#039;\/%3E%3C\/svg%3E&quot;);\">\n\t\t\t<span class=\"elementor-divider-separator\">\n\t\t\t\t\t\t\t<div class=\"elementor-icon elementor-divider__element\">\n\t\t\t\t\t<svg aria-hidden=\"true\" class=\"e-font-icon-svg e-fas-store\" viewBox=\"0 0 616 512\" xmlns=\"http:\/\/www.w3.org\/2000\/svg\"><path d=\"M602 118.6L537.1 15C531.3 5.7 521 0 510 0H106C95 0 84.7 5.7 78.9 15L14 118.6c-33.5 53.5-3.8 127.9 58.8 136.4 4.5.6 9.1.9 13.7.9 29.6 0 55.8-13 73.8-33.1 18 20.1 44.3 33.1 73.8 33.1 29.6 0 55.8-13 73.8-33.1 18 20.1 44.3 33.1 73.8 33.1 29.6 0 55.8-13 73.8-33.1 18.1 20.1 44.3 33.1 73.8 33.1 4.7 0 9.2-.3 13.7-.9 62.8-8.4 92.6-82.8 59-136.4zM529.5 288c-10 0-19.9-1.5-29.5-3.8V384H116v-99.8c-9.6 2.2-19.5 3.8-29.5 3.8-6 0-12.1-.4-18-1.2-5.6-.8-11.1-2.1-16.4-3.6V480c0 17.7 14.3 32 32 32h448c17.7 0 32-14.3 32-32V283.2c-5.4 1.6-10.8 2.9-16.4 3.6-6.1.8-12.1 1.2-18.2 1.2z\"><\/path><\/svg><\/div>\n\t\t\t\t\t\t<\/span>\n\t\t<\/div>\n\t\t\t\t\t\t<\/div>\n\t\t\t\t<\/div>\n\t\t\t\t\t<\/div>\n\t\t\t\t<\/div>\n\t\t<div class=\"elementor-element elementor-element-20e0ec1 e-flex e-con-boxed e-con e-parent\" data-id=\"20e0ec1\" data-element_type=\"container\">\n\t\t\t\t\t<div class=\"e-con-inner\">\n\t\t<div class=\"elementor-element elementor-element-47ad712 e-con-full e-flex e-con e-child\" data-id=\"47ad712\" data-element_type=\"container\">\n\t\t\t\t<div class=\"elementor-element elementor-element-44efcdf elementor-widget elementor-widget-heading\" data-id=\"44efcdf\" data-element_type=\"widget\" data-widget_type=\"heading.default\">\n\t\t\t\t<div class=\"elementor-widget-container\">\n\t\t\t\t\t<h2 class=\"elementor-heading-title elementor-size-default\">TIENDA FEJAVE<\/h2>\t\t\t\t<\/div>\n\t\t\t\t<\/div>\n\t\t\t\t<div class=\"elementor-element elementor-element-1654e51 elementor-widget__width-initial elementor-widget elementor-widget-text-editor\" data-id=\"1654e51\" data-element_type=\"widget\" data-widget_type=\"text-editor.default\">\n\t\t\t\t<div class=\"elementor-widget-container\">\n\t\t\t\t\t\t\t\t\t<div class=\"elementor-element elementor-element-1f8b89c e-con-full e-flex e-con e-child\" data-id=\"1f8b89c\" data-element_type=\"container\"><div class=\"elementor-element elementor-element-4e46df8 elementor-widget elementor-widget-text-editor\" data-id=\"4e46df8\" data-element_type=\"widget\" data-widget_type=\"text-editor.default\"><div class=\"elementor-widget-container\"><h4>\u00a0<span style=\"color: inherit; font-family: inherit; font-size: 1.5rem;\">El Fondo de Empleados de la Compa\u00f1\u00eda de Jes\u00fas en Nari\u00f1o, Fecoj, tiene disponible la Tienda Fejave para asociados y tambi\u00e9n para padres de familia y estudiantes.<\/span><\/h4><h4>Uniformes, papeler\u00eda y, pr\u00f3ximamente, dispositivos tecnol\u00f3gicos, hacen parte de la oferta.\u00a0<\/h4><h4><span style=\"color: inherit; font-family: inherit; font-size: 1.5rem;\">Estamos en la SEDE AURORA, en la entrada de la Calle 12A (Parque Aurora). Somos la \u00fanica tienda oficial.<\/span><span style=\"font-size: 1rem;\">\u00a0<\/span><\/h4><h4><strong>Contacto:\u00a0<a href=\"mailto:fejave@gmail.com\">fejave@gmail.com<\/a><\/strong><\/h4><\/div><\/div><\/div>\t\t\t\t\t\t\t\t<\/div>\n\t\t\t\t<\/div>\n\t\t\t\t<\/div>\n\t\t<div class=\"elementor-element elementor-element-d01dbb6 e-con-full e-flex e-con e-child\" data-id=\"d01dbb6\" data-element_type=\"container\">\n\t\t<div class=\"elementor-element elementor-element-ec6c93f e-con-full e-flex e-con e-child\" data-id=\"ec6c93f\" data-element_type=\"container\">\n\t\t\t\t<div class=\"elementor-element elementor-element-8c52f76 elementor-widget__width-initial elementor-skin-carousel elementor-arrows-yes elementor-pagination-type-bullets elementor-pagination-position-outside elementor-widget elementor-widget-media-carousel\" data-id=\"8c52f76\" data-element_type=\"widget\" data-settings=\"{&quot;skin&quot;:&quot;carousel&quot;,&quot;effect&quot;:&quot;slide&quot;,&quot;show_arrows&quot;:&quot;yes&quot;,&quot;pagination&quot;:&quot;bullets&quot;,&quot;speed&quot;:500,&quot;autoplay&quot;:&quot;yes&quot;,&quot;autoplay_speed&quot;:5000,&quot;loop&quot;:&quot;yes&quot;,&quot;pause_on_hover&quot;:&quot;yes&quot;,&quot;pause_on_interaction&quot;:&quot;yes&quot;,&quot;space_between&quot;:{&quot;unit&quot;:&quot;px&quot;,&quot;size&quot;:10,&quot;sizes&quot;:[]},&quot;space_between_tablet&quot;:{&quot;unit&quot;:&quot;px&quot;,&quot;size&quot;:10,&quot;sizes&quot;:[]},&quot;space_between_mobile&quot;:{&quot;unit&quot;:&quot;px&quot;,&quot;size&quot;:10,&quot;sizes&quot;:[]}}\" data-widget_type=\"media-carousel.default\">\n\t\t\t\t<div class=\"elementor-widget-container\">\n\t\t\t\t\t\t\t<div class=\"elementor-swiper\">\n\t\t\t<div class=\"elementor-main-swiper swiper\">\n\t\t\t\t<div class=\"swiper-wrapper\">\n\t\t\t\t\t\t\t\t\t\t\t<div class=\"swiper-slide\">\n\t\t\t\t\t\t\t\t\t<div class=\"elementor-carousel-image\" role=\"img\" aria-label=\"WhatsApp Image 2025-09-12 at 8.08.58 AM\" style=\"background-image: url(&#039;https:\/\/www.javeriano.edu.co\/javerianonew\/wp-content\/uploads\/2025\/09\/WhatsApp-Image-2025-09-12-at-8.08.58-AM.jpeg&#039;)\">\n\n\t\t\t\n\t\t\t\t\t<\/div>\n\t\t\t\t\t\t\t\t<\/div>\n\t\t\t\t\t\t\t\t\t\t\t<div class=\"swiper-slide\">\n\t\t\t\t\t\t\t\t\t<div class=\"elementor-carousel-image\" role=\"img\" aria-label=\"WhatsApp Image 2025-09-12 at 8.08.57 AM (2)\" style=\"background-image: url(&#039;https:\/\/www.javeriano.edu.co\/javerianonew\/wp-content\/uploads\/2025\/09\/WhatsApp-Image-2025-09-12-at-8.08.57-AM-2.jpeg&#039;)\">\n\n\t\t\t\n\t\t\t\t\t<\/div>\n\t\t\t\t\t\t\t\t<\/div>\n\t\t\t\t\t\t\t\t\t<\/div>\n\t\t\t\t\t\t\t\t\t\t\t\t\t\t\t<div class=\"swiper-pagination\"><\/div>\n\t\t\t\t\t\t\t\t\t\t\t\t\t\t\t\t<div class=\"elementor-swiper-button elementor-swiper-button-prev\" role=\"button\" tabindex=\"0\">\n\t\t\t\t\t\t\t<svg aria-hidden=\"true\" class=\"e-font-icon-svg e-eicon-chevron-left\" viewBox=\"0 0 1000 1000\" xmlns=\"http:\/\/www.w3.org\/2000\/svg\"><path d=\"M646 125C629 125 613 133 604 142L308 442C296 454 292 471 292 487 292 504 296 521 308 533L604 854C617 867 629 875 646 875 663 875 679 871 692 858 704 846 713 829 713 812 713 796 708 779 692 767L438 487 692 225C700 217 708 204 708 187 708 171 704 154 692 142 675 129 663 125 646 125Z\"><\/path><\/svg>\t\t\t\t\t\t\t<span class=\"elementor-screen-only\">Previous<\/span>\n\t\t\t\t\t\t<\/div>\n\t\t\t\t\t\t<div class=\"elementor-swiper-button elementor-swiper-button-next\" role=\"button\" tabindex=\"0\">\n\t\t\t\t\t\t\t<svg aria-hidden=\"true\" class=\"e-font-icon-svg e-eicon-chevron-right\" viewBox=\"0 0 1000 1000\" xmlns=\"http:\/\/www.w3.org\/2000\/svg\"><path d=\"M696 533C708 521 713 504 713 487 713 471 708 454 696 446L400 146C388 133 375 125 354 125 338 125 325 129 313 142 300 154 292 171 292 187 292 204 296 221 308 233L563 492 304 771C292 783 288 800 288 817 288 833 296 850 308 863 321 871 338 875 354 875 371 875 388 867 400 854L696 533Z\"><\/path><\/svg>\t\t\t\t\t\t\t<span class=\"elementor-screen-only\">Next<\/span>\n\t\t\t\t\t\t<\/div>\n\t\t\t\t\t\t\t\t\t\t\t\t<\/div>\n\t\t<\/div>\n\t\t\t\t\t\t<\/div>\n\t\t\t\t<\/div>\n\t\t\t\t<\/div>\n\t\t\t\t<\/div>\n\t\t\t\t\t<\/div>\n\t\t\t\t<\/div>\n\t\t\t\t<\/div>\n\t\t","protected":false},"excerpt":{"rendered":"<p>Informaci\u00f3n para Padres de Familia<\/p>\n","protected":false},"author":2,"featured_media":6446,"parent":0,"menu_order":0,"comment_status":"closed","ping_status":"closed","template":"","meta":{"_acf_changed":false,"footnotes":""},"class_list":["post-6350","page","type-page","status-publish","has-post-thumbnail","hentry"],"acf":[],"_links":{"self":[{"href":"https:\/\/www.javeriano.edu.co\/javerianonew\/wp-json\/wp\/v2\/pages\/6350"}],"collection":[{"href":"https:\/\/www.javeriano.edu.co\/javerianonew\/wp-json\/wp\/v2\/pages"}],"about":[{"href":"https:\/\/www.javeriano.edu.co\/javerianonew\/wp-json\/wp\/v2\/types\/page"}],"author":[{"embeddable":true,"href":"https:\/\/www.javeriano.edu.co\/javerianonew\/wp-json\/wp\/v2\/users\/2"}],"replies":[{"embeddable":true,"href":"https:\/\/www.javeriano.edu.co\/javerianonew\/wp-json\/wp\/v2\/comments?post=6350"}],"version-history":[{"count":5,"href":"https:\/\/www.javeriano.edu.co\/javerianonew\/wp-json\/wp\/v2\/pages\/6350\/revisions"}],"predecessor-version":[{"id":7694,"href":"https:\/\/www.javeriano.edu.co\/javerianonew\/wp-json\/wp\/v2\/pages\/6350\/revisions\/7694"}],"wp:featuredmedia":[{"embeddable":true,"href":"https:\/\/www.javeriano.edu.co\/javerianonew\/wp-json\/wp\/v2\/media\/6446"}],"wp:attachment":[{"href":"https:\/\/www.javeriano.edu.co\/javerianonew\/wp-json\/wp\/v2\/media?parent=6350"}],"curies":[{"name":"wp","href":"https:\/\/api.w.org\/{rel}","templated":true}]}}