{"id":712,"date":"2024-08-20T22:08:01","date_gmt":"2024-08-20T22:08:01","guid":{"rendered":"https:\/\/javeriano-1-437abf.ingress-comporellon.ewp.live\/?page_id=712"},"modified":"2025-07-28T16:37:08","modified_gmt":"2025-07-28T16:37:08","slug":"portales-academicos","status":"publish","type":"page","link":"https:\/\/www.javeriano.edu.co\/javerianonew\/portales-academicos\/","title":{"rendered":"Portales acad\u00e9micos"},"content":{"rendered":"\t\t<div data-elementor-type=\"wp-page\" data-elementor-id=\"712\" class=\"elementor elementor-712\" data-elementor-post-type=\"page\">\n\t\t\t\t<div class=\"elementor-element elementor-element-7a709a9 e-flex e-con-boxed e-con e-parent\" data-id=\"7a709a9\" data-element_type=\"container\" data-settings=\"{&quot;background_background&quot;:&quot;classic&quot;}\">\n\t\t\t\t\t<div class=\"e-con-inner\">\n\t\t\t\t<div class=\"elementor-element elementor-element-edf22de elementor-widget elementor-widget-heading\" data-id=\"edf22de\" data-element_type=\"widget\" data-widget_type=\"heading.default\">\n\t\t\t\t<div class=\"elementor-widget-container\">\n\t\t\t\t\t<h2 class=\"elementor-heading-title elementor-size-default\">Portales acad\u00e9micos<\/h2>\t\t\t\t<\/div>\n\t\t\t\t<\/div>\n\t\t\t\t<div class=\"elementor-element elementor-element-79baafd elementor-icon-list--layout-inline elementor-list-item-link-full_width elementor-widget elementor-widget-icon-list\" data-id=\"79baafd\" data-element_type=\"widget\" data-widget_type=\"icon-list.default\">\n\t\t\t\t<div class=\"elementor-widget-container\">\n\t\t\t\t\t\t\t<ul class=\"elementor-icon-list-items elementor-inline-items\">\n\t\t\t\t\t\t\t<li class=\"elementor-icon-list-item elementor-inline-item\">\n\t\t\t\t\t\t\t\t\t\t<span class=\"elementor-icon-list-text\">Servicios en l\u00ednea <\/span>\n\t\t\t\t\t\t\t\t\t<\/li>\n\t\t\t\t\t\t\t\t<li class=\"elementor-icon-list-item elementor-inline-item\">\n\t\t\t\t\t\t\t\t\t\t<span class=\"elementor-icon-list-text\">\/<\/span>\n\t\t\t\t\t\t\t\t\t<\/li>\n\t\t\t\t\t\t\t\t<li class=\"elementor-icon-list-item elementor-inline-item\">\n\t\t\t\t\t\t\t\t\t\t<span class=\"elementor-icon-list-text\">Portales acad\u00e9micos<\/span>\n\t\t\t\t\t\t\t\t\t<\/li>\n\t\t\t\t\t\t<\/ul>\n\t\t\t\t\t\t<\/div>\n\t\t\t\t<\/div>\n\t\t\t\t\t<\/div>\n\t\t\t\t<\/div>\n\t\t<div class=\"elementor-element elementor-element-bc2e6a5 e-con-full e-flex e-con e-parent\" data-id=\"bc2e6a5\" data-element_type=\"container\">\n\t\t<div class=\"elementor-element elementor-element-c3087ae e-con-full e-flex e-con e-child\" data-id=\"c3087ae\" data-element_type=\"container\">\n\t\t\t\t<div class=\"elementor-element elementor-element-6bf508b elementor-widget elementor-widget-image\" data-id=\"6bf508b\" data-element_type=\"widget\" data-widget_type=\"image.default\">\n\t\t\t\t<div class=\"elementor-widget-container\">\n\t\t\t\t\t\t\t\t\t\t\t\t\t\t\t<img fetchpriority=\"high\" decoding=\"async\" width=\"724\" height=\"451\" src=\"https:\/\/www.javeriano.edu.co\/javerianonew\/wp-content\/uploads\/2024\/08\/Rectangle-65.png\" class=\"attachment-large size-large wp-image-715\" alt=\"\" srcset=\"https:\/\/www.javeriano.edu.co\/javerianonew\/wp-content\/uploads\/2024\/08\/Rectangle-65.png 724w, https:\/\/www.javeriano.edu.co\/javerianonew\/wp-content\/uploads\/2024\/08\/Rectangle-65-300x187.png 300w\" sizes=\"(max-width: 724px) 100vw, 724px\" \/>\t\t\t\t\t\t\t\t\t\t\t\t\t\t\t<\/div>\n\t\t\t\t<\/div>\n\t\t\t\t<\/div>\n\t\t<div class=\"elementor-element elementor-element-054ad60 e-con-full e-flex e-con e-child\" data-id=\"054ad60\" data-element_type=\"container\">\n\t\t\t\t<div class=\"elementor-element elementor-element-4092cff elementor-widget elementor-widget-heading\" data-id=\"4092cff\" data-element_type=\"widget\" data-widget_type=\"heading.default\">\n\t\t\t\t<div class=\"elementor-widget-container\">\n\t\t\t\t\t<h2 class=\"elementor-heading-title elementor-size-default\">Ingresa al Sistema de Administraci\u00f3n de Procesos Educativos SAPRED<\/h2>\t\t\t\t<\/div>\n\t\t\t\t<\/div>\n\t\t\t\t<div class=\"elementor-element elementor-element-f30d1d6 elementor-widget elementor-widget-text-editor\" data-id=\"f30d1d6\" data-element_type=\"widget\" data-widget_type=\"text-editor.default\">\n\t\t\t\t<div class=\"elementor-widget-container\">\n\t\t\t\t\t\t\t\t\t<p>si necesitas conocer la programaci\u00f3n de actividades, solicitar informaci\u00f3n escolar o conocer las ultimas circulares.<\/p>\t\t\t\t\t\t\t\t<\/div>\n\t\t\t\t<\/div>\n\t\t\t\t<div class=\"elementor-element elementor-element-fc31e10 elementor-mobile-align-justify elementor-widget elementor-widget-button\" data-id=\"fc31e10\" data-element_type=\"widget\" data-widget_type=\"button.default\">\n\t\t\t\t<div class=\"elementor-widget-container\">\n\t\t\t\t\t\t\t\t\t<div class=\"elementor-button-wrapper\">\n\t\t\t\t\t<a class=\"elementor-button elementor-button-link elementor-size-sm\" href=\"https:\/\/javeriano.sapred.com\/8600076271\/\" target=\"_blank\">\n\t\t\t\t\t\t<span class=\"elementor-button-content-wrapper\">\n\t\t\t\t\t\t\t\t\t<span class=\"elementor-button-text\">Ingresar a SAPRED<\/span>\n\t\t\t\t\t<\/span>\n\t\t\t\t\t<\/a>\n\t\t\t\t<\/div>\n\t\t\t\t\t\t\t\t<\/div>\n\t\t\t\t<\/div>\n\t\t\t\t<\/div>\n\t\t\t\t<\/div>\n\t\t<div class=\"elementor-element elementor-element-4970568 e-con-full e-flex e-con e-parent\" data-id=\"4970568\" data-element_type=\"container\">\n\t\t<div class=\"elementor-element elementor-element-2df76f8 e-con-full e-flex e-con e-child\" data-id=\"2df76f8\" data-element_type=\"container\">\n\t\t\t\t<div class=\"elementor-element elementor-element-d37138a elementor-widget elementor-widget-heading\" data-id=\"d37138a\" data-element_type=\"widget\" data-widget_type=\"heading.default\">\n\t\t\t\t<div class=\"elementor-widget-container\">\n\t\t\t\t\t<h2 class=\"elementor-heading-title elementor-size-default\">Control Academic<\/h2>\t\t\t\t<\/div>\n\t\t\t\t<\/div>\n\t\t\t\t<div class=\"elementor-element elementor-element-2a6ebfa elementor-widget elementor-widget-text-editor\" data-id=\"2a6ebfa\" data-element_type=\"widget\" data-widget_type=\"text-editor.default\">\n\t\t\t\t<div class=\"elementor-widget-container\">\n\t\t\t\t\t\t\t\t\t<p>Si eres docente, padre de familia o acudiente puedes ingresar a Control Academic para informar o conocer actualizaciones sobre el proceso del estudiante. Tu usuario y contrase\u00f1a es tu n\u00famero de c\u00e9dula, hasta que cambies el dato<\/p>\t\t\t\t\t\t\t\t<\/div>\n\t\t\t\t<\/div>\n\t\t\t\t<div class=\"elementor-element elementor-element-5e0ea4e elementor-mobile-align-justify elementor-widget elementor-widget-button\" data-id=\"5e0ea4e\" data-element_type=\"widget\" data-widget_type=\"button.default\">\n\t\t\t\t<div class=\"elementor-widget-container\">\n\t\t\t\t\t\t\t\t\t<div class=\"elementor-button-wrapper\">\n\t\t\t\t\t<a class=\"elementor-button elementor-button-link elementor-size-sm\" href=\"https:\/\/edu.controlacademic.co\/javeriano\/loginc.aspx\" target=\"_blank\">\n\t\t\t\t\t\t<span class=\"elementor-button-content-wrapper\">\n\t\t\t\t\t\t\t\t\t<span class=\"elementor-button-text\">Ingresar a Control Academic<\/span>\n\t\t\t\t\t<\/span>\n\t\t\t\t\t<\/a>\n\t\t\t\t<\/div>\n\t\t\t\t\t\t\t\t<\/div>\n\t\t\t\t<\/div>\n\t\t\t\t<\/div>\n\t\t<div class=\"elementor-element elementor-element-42756ad e-con-full e-flex e-con e-child\" data-id=\"42756ad\" data-element_type=\"container\">\n\t\t\t\t<div class=\"elementor-element elementor-element-af54954 elementor-widget elementor-widget-image\" data-id=\"af54954\" data-element_type=\"widget\" data-widget_type=\"image.default\">\n\t\t\t\t<div class=\"elementor-widget-container\">\n\t\t\t\t\t\t\t\t\t\t\t\t\t\t\t<img decoding=\"async\" width=\"680\" height=\"245\" src=\"https:\/\/www.javeriano.edu.co\/javerianonew\/wp-content\/uploads\/2025\/07\/logo-control2.png\" class=\"attachment-large size-large wp-image-6284\" alt=\"\" srcset=\"https:\/\/www.javeriano.edu.co\/javerianonew\/wp-content\/uploads\/2025\/07\/logo-control2.png 680w, https:\/\/www.javeriano.edu.co\/javerianonew\/wp-content\/uploads\/2025\/07\/logo-control2-300x108.png 300w, https:\/\/www.javeriano.edu.co\/javerianonew\/wp-content\/uploads\/2025\/07\/logo-control2-280x101.png 280w\" sizes=\"(max-width: 680px) 100vw, 680px\" \/>\t\t\t\t\t\t\t\t\t\t\t\t\t\t\t<\/div>\n\t\t\t\t<\/div>\n\t\t\t\t<\/div>\n\t\t\t\t<\/div>\n\t\t\t\t<\/div>\n\t\t","protected":false},"excerpt":{"rendered":"<p>Portales acad\u00e9micos Servicios en l\u00ednea \/ Portales acad\u00e9micos Ingresa al Sistema de Administraci\u00f3n de Procesos Educativos SAPRED si necesitas conocer la programaci\u00f3n de actividades, solicitar informaci\u00f3n escolar o conocer las [&hellip;]<\/p>\n","protected":false},"author":1,"featured_media":0,"parent":0,"menu_order":0,"comment_status":"closed","ping_status":"closed","template":"","meta":{"_acf_changed":false,"footnotes":""},"class_list":["post-712","page","type-page","status-publish","hentry"],"acf":[],"_links":{"self":[{"href":"https:\/\/www.javeriano.edu.co\/javerianonew\/wp-json\/wp\/v2\/pages\/712"}],"collection":[{"href":"https:\/\/www.javeriano.edu.co\/javerianonew\/wp-json\/wp\/v2\/pages"}],"about":[{"href":"https:\/\/www.javeriano.edu.co\/javerianonew\/wp-json\/wp\/v2\/types\/page"}],"author":[{"embeddable":true,"href":"https:\/\/www.javeriano.edu.co\/javerianonew\/wp-json\/wp\/v2\/users\/1"}],"replies":[{"embeddable":true,"href":"https:\/\/www.javeriano.edu.co\/javerianonew\/wp-json\/wp\/v2\/comments?post=712"}],"version-history":[{"count":5,"href":"https:\/\/www.javeriano.edu.co\/javerianonew\/wp-json\/wp\/v2\/pages\/712\/revisions"}],"predecessor-version":[{"id":6287,"href":"https:\/\/www.javeriano.edu.co\/javerianonew\/wp-json\/wp\/v2\/pages\/712\/revisions\/6287"}],"wp:attachment":[{"href":"https:\/\/www.javeriano.edu.co\/javerianonew\/wp-json\/wp\/v2\/media?parent=712"}],"curies":[{"name":"wp","href":"https:\/\/api.w.org\/{rel}","templated":true}]}}