{"id":729,"date":"2024-08-20T22:14:21","date_gmt":"2024-08-20T22:14:21","guid":{"rendered":"https:\/\/javeriano-1-437abf.ingress-comporellon.ewp.live\/?page_id=729"},"modified":"2025-10-07T19:29:44","modified_gmt":"2025-10-07T19:29:44","slug":"pago-en-linea","status":"publish","type":"page","link":"https:\/\/www.javeriano.edu.co\/javerianonew\/pago-en-linea\/","title":{"rendered":"Pago en l\u00ednea"},"content":{"rendered":"\t\t<div data-elementor-type=\"wp-page\" data-elementor-id=\"729\" class=\"elementor elementor-729\" data-elementor-post-type=\"page\">\n\t\t\t\t<div class=\"elementor-element elementor-element-f8c808d e-flex e-con-boxed e-con e-parent\" data-id=\"f8c808d\" data-element_type=\"container\" data-settings=\"{&quot;background_background&quot;:&quot;classic&quot;}\">\n\t\t\t\t\t<div class=\"e-con-inner\">\n\t\t\t\t<div class=\"elementor-element elementor-element-407a066 elementor-widget elementor-widget-heading\" data-id=\"407a066\" data-element_type=\"widget\" data-widget_type=\"heading.default\">\n\t\t\t\t<div class=\"elementor-widget-container\">\n\t\t\t\t\t<h2 class=\"elementor-heading-title elementor-size-default\">Pago en l\u00ednea<\/h2>\t\t\t\t<\/div>\n\t\t\t\t<\/div>\n\t\t\t\t<div class=\"elementor-element elementor-element-c69becf elementor-icon-list--layout-inline elementor-list-item-link-full_width elementor-widget elementor-widget-icon-list\" data-id=\"c69becf\" data-element_type=\"widget\" data-widget_type=\"icon-list.default\">\n\t\t\t\t<div class=\"elementor-widget-container\">\n\t\t\t\t\t\t\t<ul class=\"elementor-icon-list-items elementor-inline-items\">\n\t\t\t\t\t\t\t<li class=\"elementor-icon-list-item elementor-inline-item\">\n\t\t\t\t\t\t\t\t\t\t<span class=\"elementor-icon-list-text\">Servicios en l\u00ednea <\/span>\n\t\t\t\t\t\t\t\t\t<\/li>\n\t\t\t\t\t\t\t\t<li class=\"elementor-icon-list-item elementor-inline-item\">\n\t\t\t\t\t\t\t\t\t\t<span class=\"elementor-icon-list-text\">\/<\/span>\n\t\t\t\t\t\t\t\t\t<\/li>\n\t\t\t\t\t\t\t\t<li class=\"elementor-icon-list-item elementor-inline-item\">\n\t\t\t\t\t\t\t\t\t\t<span class=\"elementor-icon-list-text\">Pago en l\u00ednea<\/span>\n\t\t\t\t\t\t\t\t\t<\/li>\n\t\t\t\t\t\t<\/ul>\n\t\t\t\t\t\t<\/div>\n\t\t\t\t<\/div>\n\t\t\t\t\t<\/div>\n\t\t\t\t<\/div>\n\t\t<div class=\"elementor-element elementor-element-492ea1d e-flex e-con-boxed e-con e-parent\" data-id=\"492ea1d\" data-element_type=\"container\">\n\t\t\t\t\t<div class=\"e-con-inner\">\n\t\t<div class=\"elementor-element elementor-element-89cd9e0 e-con-full e-flex e-con e-child\" data-id=\"89cd9e0\" data-element_type=\"container\">\n\t\t\t\t<div class=\"elementor-element elementor-element-1d62359 elementor-widget elementor-widget-text-editor\" data-id=\"1d62359\" data-element_type=\"widget\" data-widget_type=\"text-editor.default\">\n\t\t\t\t<div class=\"elementor-widget-container\">\n\t\t\t\t\t\t\t\t\t<p>Si requieres realizar el pago de la pensi\u00f3n escolar CON LA TARJETA DE CR\u00c9DITO DAVIVIENDA<\/p>\t\t\t\t\t\t\t\t<\/div>\n\t\t\t\t<\/div>\n\t\t\t\t<div class=\"elementor-element elementor-element-c5d96d3 elementor-mobile-align-justify elementor-widget elementor-widget-button\" data-id=\"c5d96d3\" data-element_type=\"widget\" data-widget_type=\"button.default\">\n\t\t\t\t<div class=\"elementor-widget-container\">\n\t\t\t\t\t\t\t\t\t<div class=\"elementor-button-wrapper\">\n\t\t\t\t\t<a class=\"elementor-button elementor-button-link elementor-size-sm\" href=\"https:\/\/portalpagos.davivienda.com\/#\/cargos\/tarjeta_credito\" target=\"_blank\">\n\t\t\t\t\t\t<span class=\"elementor-button-content-wrapper\">\n\t\t\t\t\t\t\t\t\t<span class=\"elementor-button-text\">Pagar en l\u00ednea con Tarjeta Davivienda<\/span>\n\t\t\t\t\t<\/span>\n\t\t\t\t\t<\/a>\n\t\t\t\t<\/div>\n\t\t\t\t\t\t\t\t<\/div>\n\t\t\t\t<\/div>\n\t\t\t\t<\/div>\n\t\t<div class=\"elementor-element elementor-element-338c59e e-con-full e-flex e-con e-child\" data-id=\"338c59e\" data-element_type=\"container\">\n\t\t\t\t<div class=\"elementor-element elementor-element-75a3c0b elementor-widget elementor-widget-text-editor\" data-id=\"75a3c0b\" data-element_type=\"widget\" data-widget_type=\"text-editor.default\">\n\t\t\t\t<div class=\"elementor-widget-container\">\n\t\t\t\t\t\t\t\t\t<p>Si requieres conocer el proceso de c\u00f3mo pagar la pensi\u00f3n con la Tarjeta de cr\u00e9dito Diners de Davivienda&nbsp; debes hacer clic en \u201cVer instructivo\u201d<\/p>\t\t\t\t\t\t\t\t<\/div>\n\t\t\t\t<\/div>\n\t\t\t\t<div class=\"elementor-element elementor-element-5ef72a8 elementor-mobile-align-justify elementor-button-warning elementor-align-left elementor-widget elementor-widget-button\" data-id=\"5ef72a8\" data-element_type=\"widget\" data-widget_type=\"button.default\">\n\t\t\t\t<div class=\"elementor-widget-container\">\n\t\t\t\t\t\t\t\t\t<div class=\"elementor-button-wrapper\">\n\t\t\t\t\t<a class=\"elementor-button elementor-button-link elementor-size-sm\" href=\"https:\/\/www.javeriano.edu.co\/javerianonew\/wp-content\/uploads\/2025\/10\/Intructivo-pago-tarjeta-de-credito-oct-2025-1.pdf\">\n\t\t\t\t\t\t<span class=\"elementor-button-content-wrapper\">\n\t\t\t\t\t\t\t\t\t<span class=\"elementor-button-text\">Ver instructivo de pago con Tarjeta Davivienda<\/span>\n\t\t\t\t\t<\/span>\n\t\t\t\t\t<\/a>\n\t\t\t\t<\/div>\n\t\t\t\t\t\t\t\t<\/div>\n\t\t\t\t<\/div>\n\t\t\t\t<\/div>\n\t\t\t\t\t<\/div>\n\t\t\t\t<\/div>\n\t\t<div class=\"elementor-element elementor-element-93aa4d3 e-flex e-con-boxed e-con e-parent\" data-id=\"93aa4d3\" data-element_type=\"container\">\n\t\t\t\t\t<div class=\"e-con-inner\">\n\t\t\t\t<div class=\"elementor-element elementor-element-cd50e56 elementor-widget-divider--view-line elementor-widget elementor-widget-divider\" data-id=\"cd50e56\" data-element_type=\"widget\" data-widget_type=\"divider.default\">\n\t\t\t\t<div class=\"elementor-widget-container\">\n\t\t\t\t\t\t\t<div class=\"elementor-divider\">\n\t\t\t<span class=\"elementor-divider-separator\">\n\t\t\t\t\t\t<\/span>\n\t\t<\/div>\n\t\t\t\t\t\t<\/div>\n\t\t\t\t<\/div>\n\t\t\t\t\t<\/div>\n\t\t\t\t<\/div>\n\t\t<div class=\"elementor-element elementor-element-5caa515 e-flex e-con-boxed e-con e-parent\" data-id=\"5caa515\" data-element_type=\"container\">\n\t\t\t\t\t<div class=\"e-con-inner\">\n\t\t\t\t\t<\/div>\n\t\t\t\t<\/div>\n\t\t\t\t<\/div>\n\t\t","protected":false},"excerpt":{"rendered":"<p>Pago en l\u00ednea Servicios en l\u00ednea \/ Pago en l\u00ednea Si requieres realizar el pago de la pensi\u00f3n escolar CON LA TARJETA DE CR\u00c9DITO DAVIVIENDA Pagar en l\u00ednea con Tarjeta [&hellip;]<\/p>\n","protected":false},"author":1,"featured_media":0,"parent":0,"menu_order":0,"comment_status":"closed","ping_status":"closed","template":"","meta":{"_acf_changed":false,"footnotes":""},"class_list":["post-729","page","type-page","status-publish","hentry"],"acf":[],"_links":{"self":[{"href":"https:\/\/www.javeriano.edu.co\/javerianonew\/wp-json\/wp\/v2\/pages\/729"}],"collection":[{"href":"https:\/\/www.javeriano.edu.co\/javerianonew\/wp-json\/wp\/v2\/pages"}],"about":[{"href":"https:\/\/www.javeriano.edu.co\/javerianonew\/wp-json\/wp\/v2\/types\/page"}],"author":[{"embeddable":true,"href":"https:\/\/www.javeriano.edu.co\/javerianonew\/wp-json\/wp\/v2\/users\/1"}],"replies":[{"embeddable":true,"href":"https:\/\/www.javeriano.edu.co\/javerianonew\/wp-json\/wp\/v2\/comments?post=729"}],"version-history":[{"count":5,"href":"https:\/\/www.javeriano.edu.co\/javerianonew\/wp-json\/wp\/v2\/pages\/729\/revisions"}],"predecessor-version":[{"id":6705,"href":"https:\/\/www.javeriano.edu.co\/javerianonew\/wp-json\/wp\/v2\/pages\/729\/revisions\/6705"}],"wp:attachment":[{"href":"https:\/\/www.javeriano.edu.co\/javerianonew\/wp-json\/wp\/v2\/media?parent=729"}],"curies":[{"name":"wp","href":"https:\/\/api.w.org\/{rel}","templated":true}]}}