{"id":765,"date":"2024-08-20T22:23:04","date_gmt":"2024-08-20T22:23:04","guid":{"rendered":"https:\/\/javeriano-1-437abf.ingress-comporellon.ewp.live\/?page_id=765"},"modified":"2024-09-07T17:45:09","modified_gmt":"2024-09-07T17:45:09","slug":"biblioteca","status":"publish","type":"page","link":"https:\/\/www.javeriano.edu.co\/javerianonew\/biblioteca\/","title":{"rendered":"Biblioteca"},"content":{"rendered":"\t\t<div data-elementor-type=\"wp-page\" data-elementor-id=\"765\" class=\"elementor elementor-765\" data-elementor-post-type=\"page\">\n\t\t\t\t<div class=\"elementor-element elementor-element-65a619d e-flex e-con-boxed e-con e-parent\" data-id=\"65a619d\" data-element_type=\"container\" data-settings=\"{&quot;background_background&quot;:&quot;classic&quot;}\">\n\t\t\t\t\t<div class=\"e-con-inner\">\n\t\t\t\t<div class=\"elementor-element elementor-element-6ffc7e7 elementor-widget elementor-widget-heading\" data-id=\"6ffc7e7\" data-element_type=\"widget\" data-widget_type=\"heading.default\">\n\t\t\t\t<div class=\"elementor-widget-container\">\n\t\t\t\t\t<h2 class=\"elementor-heading-title elementor-size-default\">Biblioteca<\/h2>\t\t\t\t<\/div>\n\t\t\t\t<\/div>\n\t\t\t\t<div class=\"elementor-element elementor-element-3dc2806 elementor-icon-list--layout-inline elementor-list-item-link-full_width elementor-widget elementor-widget-icon-list\" data-id=\"3dc2806\" data-element_type=\"widget\" data-widget_type=\"icon-list.default\">\n\t\t\t\t<div class=\"elementor-widget-container\">\n\t\t\t\t\t\t\t<ul class=\"elementor-icon-list-items elementor-inline-items\">\n\t\t\t\t\t\t\t<li class=\"elementor-icon-list-item elementor-inline-item\">\n\t\t\t\t\t\t\t\t\t\t<span class=\"elementor-icon-list-text\">Servicios en l\u00ednea<\/span>\n\t\t\t\t\t\t\t\t\t<\/li>\n\t\t\t\t\t\t\t\t<li class=\"elementor-icon-list-item elementor-inline-item\">\n\t\t\t\t\t\t\t\t\t\t<span class=\"elementor-icon-list-text\">\/<\/span>\n\t\t\t\t\t\t\t\t\t<\/li>\n\t\t\t\t\t\t\t\t<li class=\"elementor-icon-list-item elementor-inline-item\">\n\t\t\t\t\t\t\t\t\t\t<span class=\"elementor-icon-list-text\">Directorio<\/span>\n\t\t\t\t\t\t\t\t\t<\/li>\n\t\t\t\t\t\t<\/ul>\n\t\t\t\t\t\t<\/div>\n\t\t\t\t<\/div>\n\t\t\t\t\t<\/div>\n\t\t\t\t<\/div>\n\t\t<div class=\"elementor-element elementor-element-a60e016 e-flex e-con-boxed e-con e-parent\" data-id=\"a60e016\" data-element_type=\"container\">\n\t\t\t\t\t<div class=\"e-con-inner\">\n\t\t\t\t<div class=\"elementor-element elementor-element-8e668e8 elementor-widget elementor-widget-text-editor\" data-id=\"8e668e8\" data-element_type=\"widget\" data-widget_type=\"text-editor.default\">\n\t\t\t\t<div class=\"elementor-widget-container\">\n\t\t\t\t\t\t\t\t\t<p>La Biblioteca Jos\u00e9 Segundo La\u00ednez, S.J. de la sede Centro, se nutre cada vez m\u00e1s de las donaciones de exalumnos que aportan sus colecciones personales con libros de historia, ciencias, medicina, derecho, entre otras. Actualmente cuenta con una colecci\u00f3n de 15 mil vol\u00famenes de intereses m\u00e1s amplios a los que puede ofrecer una biblioteca estudiantil.<br \/>A continuaci\u00f3n relacionamos una serie de contenidos digitales que, ante la pandemia, han sido compartidos por museos, bibliotecas, institutos y diferentes organizaciones:<\/p>\t\t\t\t\t\t\t\t<\/div>\n\t\t\t\t<\/div>\n\t\t\t\t<div class=\"elementor-element elementor-element-ba6e237 elementor-tabs-alignment-center elementor-tabs-view-horizontal elementor-widget elementor-widget-tabs\" data-id=\"ba6e237\" data-element_type=\"widget\" data-widget_type=\"tabs.default\">\n\t\t\t\t<div class=\"elementor-widget-container\">\n\t\t\t\t\t\t\t<div class=\"elementor-tabs\">\n\t\t\t<div class=\"elementor-tabs-wrapper\" role=\"tablist\" >\n\t\t\t\t\t\t\t\t\t<div id=\"elementor-tab-title-1951\" class=\"elementor-tab-title elementor-tab-desktop-title\" aria-selected=\"true\" data-tab=\"1\" role=\"tab\" tabindex=\"0\" aria-controls=\"elementor-tab-content-1951\" aria-expanded=\"false\">Bibliotecas virtuales<\/div>\n\t\t\t\t\t\t\t\t\t<div id=\"elementor-tab-title-1952\" class=\"elementor-tab-title elementor-tab-desktop-title\" aria-selected=\"false\" data-tab=\"2\" role=\"tab\" tabindex=\"-1\" aria-controls=\"elementor-tab-content-1952\" aria-expanded=\"false\">Museos<\/div>\n\t\t\t\t\t\t\t<\/div>\n\t\t\t<div class=\"elementor-tabs-content-wrapper\" role=\"tablist\" aria-orientation=\"vertical\">\n\t\t\t\t\t\t\t\t\t<div class=\"elementor-tab-title elementor-tab-mobile-title\" aria-selected=\"true\" data-tab=\"1\" role=\"tab\" tabindex=\"0\" aria-controls=\"elementor-tab-content-1951\" aria-expanded=\"false\">Bibliotecas virtuales<\/div>\n\t\t\t\t\t<div id=\"elementor-tab-content-1951\" class=\"elementor-tab-content elementor-clearfix\" data-tab=\"1\" role=\"tabpanel\" aria-labelledby=\"elementor-tab-title-1951\" tabindex=\"0\" hidden=\"false\"><p>\t\t<div data-elementor-type=\"section\" data-elementor-id=\"778\" class=\"elementor elementor-778\" data-elementor-post-type=\"elementor_library\">\n\t\t\t<div class=\"elementor-element elementor-element-a7cfb97 e-flex e-con-boxed e-con e-parent\" data-id=\"a7cfb97\" data-element_type=\"container\">\n\t\t\t\t\t<div class=\"e-con-inner\">\n\t\t\t\t<div class=\"elementor-element elementor-element-48aa073 gallery-spacing-custom elementor-widget elementor-widget-image-gallery\" data-id=\"48aa073\" data-element_type=\"widget\" data-widget_type=\"image-gallery.default\">\n\t\t\t\t<div class=\"elementor-widget-container\">\n\t\t\t\t\t\t\t<div class=\"elementor-image-gallery\">\n\t\t\t<div id='gallery-1' class='gallery galleryid-765 gallery-columns-2 gallery-size-medium'><figure class='gallery-item'>\n\t\t\t<div class='gallery-icon landscape'>\n\t\t\t\t<img decoding=\"async\" width=\"300\" height=\"114\" src=\"https:\/\/www.javeriano.edu.co\/javerianonew\/wp-content\/uploads\/2024\/08\/image-24-300x114.png\" class=\"attachment-medium size-medium\" alt=\"\" srcset=\"https:\/\/www.javeriano.edu.co\/javerianonew\/wp-content\/uploads\/2024\/08\/image-24-300x114.png 300w, https:\/\/www.javeriano.edu.co\/javerianonew\/wp-content\/uploads\/2024\/08\/image-24.png 375w\" sizes=\"(max-width: 300px) 100vw, 300px\" \/>\n\t\t\t<\/div><\/figure><figure class='gallery-item'>\n\t\t\t<div class='gallery-icon landscape'>\n\t\t\t\t<img decoding=\"async\" width=\"268\" height=\"178\" src=\"https:\/\/www.javeriano.edu.co\/javerianonew\/wp-content\/uploads\/2024\/08\/image-23.png\" class=\"attachment-medium size-medium\" alt=\"\" \/>\n\t\t\t<\/div><\/figure><figure class='gallery-item'>\n\t\t\t<div class='gallery-icon portrait'>\n\t\t\t\t<img decoding=\"async\" width=\"156\" height=\"195\" src=\"https:\/\/www.javeriano.edu.co\/javerianonew\/wp-content\/uploads\/2024\/08\/image-25.png\" class=\"attachment-medium size-medium\" alt=\"\" \/>\n\t\t\t<\/div><\/figure><figure class='gallery-item'>\n\t\t\t<div class='gallery-icon landscape'>\n\t\t\t\t<img loading=\"lazy\" decoding=\"async\" width=\"300\" height=\"153\" src=\"https:\/\/www.javeriano.edu.co\/javerianonew\/wp-content\/uploads\/2024\/08\/image-33-300x153.png\" class=\"attachment-medium size-medium\" alt=\"\" srcset=\"https:\/\/www.javeriano.edu.co\/javerianonew\/wp-content\/uploads\/2024\/08\/image-33-300x153.png 300w, https:\/\/www.javeriano.edu.co\/javerianonew\/wp-content\/uploads\/2024\/08\/image-33.png 357w\" sizes=\"(max-width: 300px) 100vw, 300px\" \/>\n\t\t\t<\/div><\/figure><figure class='gallery-item'>\n\t\t\t<div class='gallery-icon landscape'>\n\t\t\t\t<img loading=\"lazy\" decoding=\"async\" width=\"300\" height=\"66\" src=\"https:\/\/www.javeriano.edu.co\/javerianonew\/wp-content\/uploads\/2024\/08\/image-26-300x66.png\" class=\"attachment-medium size-medium\" alt=\"\" srcset=\"https:\/\/www.javeriano.edu.co\/javerianonew\/wp-content\/uploads\/2024\/08\/image-26-300x66.png 300w, https:\/\/www.javeriano.edu.co\/javerianonew\/wp-content\/uploads\/2024\/08\/image-26.png 306w\" sizes=\"(max-width: 300px) 100vw, 300px\" \/>\n\t\t\t<\/div><\/figure><figure class='gallery-item'>\n\t\t\t<div class='gallery-icon landscape'>\n\t\t\t\t<img loading=\"lazy\" decoding=\"async\" width=\"300\" height=\"111\" src=\"https:\/\/www.javeriano.edu.co\/javerianonew\/wp-content\/uploads\/2024\/08\/image-27-300x111.png\" class=\"attachment-medium size-medium\" alt=\"\" srcset=\"https:\/\/www.javeriano.edu.co\/javerianonew\/wp-content\/uploads\/2024\/08\/image-27-300x111.png 300w, https:\/\/www.javeriano.edu.co\/javerianonew\/wp-content\/uploads\/2024\/08\/image-27.png 314w\" sizes=\"(max-width: 300px) 100vw, 300px\" \/>\n\t\t\t<\/div><\/figure><figure class='gallery-item'>\n\t\t\t<div class='gallery-icon landscape'>\n\t\t\t\t<img loading=\"lazy\" decoding=\"async\" width=\"300\" height=\"66\" src=\"https:\/\/www.javeriano.edu.co\/javerianonew\/wp-content\/uploads\/2024\/08\/image-28-300x66.png\" class=\"attachment-medium size-medium\" alt=\"\" srcset=\"https:\/\/www.javeriano.edu.co\/javerianonew\/wp-content\/uploads\/2024\/08\/image-28-300x66.png 300w, https:\/\/www.javeriano.edu.co\/javerianonew\/wp-content\/uploads\/2024\/08\/image-28.png 366w\" sizes=\"(max-width: 300px) 100vw, 300px\" \/>\n\t\t\t<\/div><\/figure><figure class='gallery-item'>\n\t\t\t<div class='gallery-icon landscape'>\n\t\t\t\t<img loading=\"lazy\" decoding=\"async\" width=\"240\" height=\"178\" src=\"https:\/\/www.javeriano.edu.co\/javerianonew\/wp-content\/uploads\/2024\/08\/image-29.png\" class=\"attachment-medium size-medium\" alt=\"\" \/>\n\t\t\t<\/div><\/figure>\n\t\t<\/div>\n\t\t<\/div>\n\t\t\t\t\t\t<\/div>\n\t\t\t\t<\/div>\n\t\t\t\t\t<\/div>\n\t\t\t\t<\/div>\n\t\t\t\t<\/div>\n\t\t<\/p><\/div>\n\t\t\t\t\t\t\t\t\t<div class=\"elementor-tab-title elementor-tab-mobile-title\" aria-selected=\"false\" data-tab=\"2\" role=\"tab\" tabindex=\"-1\" aria-controls=\"elementor-tab-content-1952\" aria-expanded=\"false\">Museos<\/div>\n\t\t\t\t\t<div id=\"elementor-tab-content-1952\" class=\"elementor-tab-content elementor-clearfix\" data-tab=\"2\" role=\"tabpanel\" aria-labelledby=\"elementor-tab-title-1952\" tabindex=\"0\" hidden=\"hidden\"><p>\t\t<div data-elementor-type=\"section\" data-elementor-id=\"793\" class=\"elementor elementor-793\" data-elementor-post-type=\"elementor_library\">\n\t\t\t<div class=\"elementor-element elementor-element-4bf0004 e-flex e-con-boxed e-con e-parent\" data-id=\"4bf0004\" data-element_type=\"container\">\n\t\t\t\t\t<div class=\"e-con-inner\">\n\t\t<div class=\"elementor-element elementor-element-bdfee0a e-con-full e-flex e-con e-child\" data-id=\"bdfee0a\" data-element_type=\"container\">\n\t\t\t\t<div class=\"elementor-element elementor-element-38b6a1e elementor-widget elementor-widget-image\" data-id=\"38b6a1e\" data-element_type=\"widget\" data-widget_type=\"image.default\">\n\t\t\t\t<div class=\"elementor-widget-container\">\n\t\t\t\t\t\t\t\t\t\t\t\t\t\t\t<img loading=\"lazy\" decoding=\"async\" width=\"281\" height=\"118\" src=\"https:\/\/www.javeriano.edu.co\/javerianonew\/wp-content\/uploads\/2024\/08\/image-30.png\" class=\"attachment-large size-large wp-image-794\" alt=\"\" \/>\t\t\t\t\t\t\t\t\t\t\t\t\t\t\t<\/div>\n\t\t\t\t<\/div>\n\t\t\t\t<\/div>\n\t\t<div class=\"elementor-element elementor-element-76cabf0 e-con-full e-flex e-con e-child\" data-id=\"76cabf0\" data-element_type=\"container\">\n\t\t\t\t<div class=\"elementor-element elementor-element-9d29547 elementor-widget elementor-widget-image\" data-id=\"9d29547\" data-element_type=\"widget\" data-widget_type=\"image.default\">\n\t\t\t\t<div class=\"elementor-widget-container\">\n\t\t\t\t\t\t\t\t\t\t\t\t\t\t\t<img loading=\"lazy\" decoding=\"async\" width=\"279\" height=\"118\" src=\"https:\/\/www.javeriano.edu.co\/javerianonew\/wp-content\/uploads\/2024\/08\/image-31.png\" class=\"attachment-large size-large wp-image-795\" alt=\"\" \/>\t\t\t\t\t\t\t\t\t\t\t\t\t\t\t<\/div>\n\t\t\t\t<\/div>\n\t\t\t\t<\/div>\n\t\t<div class=\"elementor-element elementor-element-acebd2c e-con-full e-flex e-con e-child\" data-id=\"acebd2c\" data-element_type=\"container\">\n\t\t\t\t<div class=\"elementor-element elementor-element-efabe4e elementor-widget elementor-widget-image\" data-id=\"efabe4e\" data-element_type=\"widget\" data-widget_type=\"image.default\">\n\t\t\t\t<div class=\"elementor-widget-container\">\n\t\t\t\t\t\t\t\t\t\t\t\t\t\t\t<img loading=\"lazy\" decoding=\"async\" width=\"346\" height=\"104\" src=\"https:\/\/www.javeriano.edu.co\/javerianonew\/wp-content\/uploads\/2024\/09\/image-34.png\" class=\"attachment-large size-large wp-image-1614\" alt=\"\" srcset=\"https:\/\/www.javeriano.edu.co\/javerianonew\/wp-content\/uploads\/2024\/09\/image-34.png 346w, https:\/\/www.javeriano.edu.co\/javerianonew\/wp-content\/uploads\/2024\/09\/image-34-300x90.png 300w\" sizes=\"(max-width: 346px) 100vw, 346px\" \/>\t\t\t\t\t\t\t\t\t\t\t\t\t\t\t<\/div>\n\t\t\t\t<\/div>\n\t\t\t\t<\/div>\n\t\t<div class=\"elementor-element elementor-element-2c894be e-con-full e-flex e-con e-child\" data-id=\"2c894be\" data-element_type=\"container\">\n\t\t\t\t<div class=\"elementor-element elementor-element-4c1e73d elementor-widget elementor-widget-image\" data-id=\"4c1e73d\" data-element_type=\"widget\" data-widget_type=\"image.default\">\n\t\t\t\t<div class=\"elementor-widget-container\">\n\t\t\t\t\t\t\t\t\t\t\t\t\t\t\t<img loading=\"lazy\" decoding=\"async\" width=\"342\" height=\"104\" src=\"https:\/\/www.javeriano.edu.co\/javerianonew\/wp-content\/uploads\/2024\/08\/image-32.png\" class=\"attachment-large size-large wp-image-796\" alt=\"\" srcset=\"https:\/\/www.javeriano.edu.co\/javerianonew\/wp-content\/uploads\/2024\/08\/image-32.png 342w, https:\/\/www.javeriano.edu.co\/javerianonew\/wp-content\/uploads\/2024\/08\/image-32-300x91.png 300w\" sizes=\"(max-width: 342px) 100vw, 342px\" \/>\t\t\t\t\t\t\t\t\t\t\t\t\t\t\t<\/div>\n\t\t\t\t<\/div>\n\t\t\t\t<\/div>\n\t\t\t\t\t<\/div>\n\t\t\t\t<\/div>\n\t\t\t\t<\/div>\n\t\t<\/p><\/div>\n\t\t\t\t\t\t\t<\/div>\n\t\t<\/div>\n\t\t\t\t\t\t<\/div>\n\t\t\t\t<\/div>\n\t\t\t\t\t<\/div>\n\t\t\t\t<\/div>\n\t\t\t\t<\/div>\n\t\t","protected":false},"excerpt":{"rendered":"<p>Biblioteca Servicios en l\u00ednea \/ Directorio La Biblioteca Jos\u00e9 Segundo La\u00ednez, S.J. de la sede Centro, se nutre cada vez m\u00e1s de las donaciones de exalumnos que aportan sus colecciones [&hellip;]<\/p>\n","protected":false},"author":1,"featured_media":0,"parent":0,"menu_order":0,"comment_status":"closed","ping_status":"closed","template":"","meta":{"_acf_changed":false,"footnotes":""},"class_list":["post-765","page","type-page","status-publish","hentry"],"acf":[],"_links":{"self":[{"href":"https:\/\/www.javeriano.edu.co\/javerianonew\/wp-json\/wp\/v2\/pages\/765"}],"collection":[{"href":"https:\/\/www.javeriano.edu.co\/javerianonew\/wp-json\/wp\/v2\/pages"}],"about":[{"href":"https:\/\/www.javeriano.edu.co\/javerianonew\/wp-json\/wp\/v2\/types\/page"}],"author":[{"embeddable":true,"href":"https:\/\/www.javeriano.edu.co\/javerianonew\/wp-json\/wp\/v2\/users\/1"}],"replies":[{"embeddable":true,"href":"https:\/\/www.javeriano.edu.co\/javerianonew\/wp-json\/wp\/v2\/comments?post=765"}],"version-history":[{"count":5,"href":"https:\/\/www.javeriano.edu.co\/javerianonew\/wp-json\/wp\/v2\/pages\/765\/revisions"}],"predecessor-version":[{"id":1624,"href":"https:\/\/www.javeriano.edu.co\/javerianonew\/wp-json\/wp\/v2\/pages\/765\/revisions\/1624"}],"wp:attachment":[{"href":"https:\/\/www.javeriano.edu.co\/javerianonew\/wp-json\/wp\/v2\/media?parent=765"}],"curies":[{"name":"wp","href":"https:\/\/api.w.org\/{rel}","templated":true}]}}